{"id":6665,"date":"2025-05-16T10:14:40","date_gmt":"2025-05-16T13:14:40","guid":{"rendered":"https:\/\/canela.rs.gov.br\/sitenovo\/?page_id=6665"},"modified":"2025-05-21T13:56:04","modified_gmt":"2025-05-21T16:56:04","slug":"refis","status":"publish","type":"page","link":"https:\/\/canela.rs.gov.br\/sitenovo\/smfde\/refis\/","title":{"rendered":"REFIS"},"content":{"rendered":"\t\t<div data-elementor-type=\"wp-page\" data-elementor-id=\"6665\" class=\"elementor elementor-6665\" data-elementor-post-type=\"page\">\n\t\t\t\t<div class=\"elementor-element elementor-element-171a582d e-flex e-con-boxed e-con e-parent\" data-id=\"171a582d\" data-element_type=\"container\" data-e-type=\"container\" data-settings=\"{&quot;background_background&quot;:&quot;classic&quot;,&quot;jet_parallax_layout_list&quot;:[]}\">\n\t\t\t\t\t<div class=\"e-con-inner\">\n\t\t\t\t<div class=\"elementor-element elementor-element-184b62f8 elementor-widget elementor-widget-heading\" data-id=\"184b62f8\" data-element_type=\"widget\" data-e-type=\"widget\" data-widget_type=\"heading.default\">\n\t\t\t\t<div class=\"elementor-widget-container\">\n\t\t\t\t\t<h2 class=\"elementor-heading-title elementor-size-default\">HOME<\/h2>\t\t\t\t<\/div>\n\t\t\t\t<\/div>\n\t\t\t\t\t<\/div>\n\t\t\t\t<\/div>\n\t\t<div class=\"elementor-element elementor-element-2deb9a87 e-flex e-con-boxed e-con e-parent\" data-id=\"2deb9a87\" data-element_type=\"container\" data-e-type=\"container\" data-settings=\"{&quot;background_background&quot;:&quot;classic&quot;,&quot;jet_parallax_layout_list&quot;:[]}\">\n\t\t\t\t\t<div class=\"e-con-inner\">\n\t\t\t\t<div class=\"elementor-element elementor-element-47f9bf52 elementor-view-framed elementor-position-inline-start elementor-mobile-position-inline-start elementor-shape-circle elementor-widget elementor-widget-icon-box\" data-id=\"47f9bf52\" data-element_type=\"widget\" data-e-type=\"widget\" data-widget_type=\"icon-box.default\">\n\t\t\t\t<div class=\"elementor-widget-container\">\n\t\t\t\t\t\t\t<div class=\"elementor-icon-box-wrapper\">\n\n\t\t\t\t\t\t<div class=\"elementor-icon-box-icon\">\n\t\t\t\t<span  class=\"elementor-icon\">\n\t\t\t\t<svg xmlns=\"http:\/\/www.w3.org\/2000\/svg\" id=\"Layer_1\" data-name=\"Layer 1\" viewBox=\"0 0 24 24\" width=\"512\" height=\"512\"><path d=\"M16,23c0,.552-.447,1-1,1H6c-2.757,0-5-2.243-5-5V5C1,2.243,3.243,0,6,0h4.515c1.869,0,3.627,.728,4.95,2.05l3.484,3.486c.271,.271,.523,.568,.748,.883,.321,.449,.217,1.074-.232,1.395-.449,.32-1.075,.217-1.395-.233-.161-.225-.341-.438-.534-.63l-3.485-3.486c-.318-.318-.671-.587-1.051-.805V7c0,.551,.448,1,1,1h3c.553,0,1,.448,1,1s-.447,1-1,1h-3c-1.654,0-3-1.346-3-3V2.023c-.16-.015-.322-.023-.485-.023H6c-1.654,0-3,1.346-3,3v14c0,1.654,1.346,3,3,3H15c.553,0,1,.448,1,1Zm5.685-6.733l-3.041-.507c-.373-.062-.644-.382-.644-.76,0-.551,.448-1,1-1h2.268c.356,0,.688,.192,.867,.5,.275,.478,.885,.641,1.366,.365,.478-.277,.642-.888,.364-1.366-.534-.925-1.53-1.5-2.598-1.5h-.268v-1c0-.552-.447-1-1-1s-1,.448-1,1v1c-1.654,0-3,1.346-3,3,0,1.36,.974,2.51,2.315,2.733l3.041,.507c.373,.062,.644,.382,.644,.76,0,.551-.448,1-1,1h-2.268c-.356,0-.688-.192-.867-.5-.275-.479-.886-.642-1.366-.365-.478,.277-.642,.888-.364,1.366,.534,.925,1.53,1.499,2.598,1.499h.268v1c0,.552,.447,1,1,1s1-.448,1-1v-1c1.654,0,3-1.346,3-3,0-1.36-.974-2.51-2.315-2.733Zm-14.185-1.267h5.5c.553,0,1-.448,1-1s-.447-1-1-1H7.5c-1.378,0-2.5,1.122-2.5,2.5v2c0,1.378,1.122,2.5,2.5,2.5h5.5c.553,0,1-.448,1-1s-.447-1-1-1H7.5c-.276,0-.5-.224-.5-.5v-2c0-.276,.224-.5,.5-.5Zm-1.5-4h2c.552,0,1-.448,1-1s-.448-1-1-1h-2c-.552,0-1,.448-1,1s.448,1,1,1Zm0-4h2c.552,0,1-.448,1-1s-.448-1-1-1h-2c-.552,0-1,.448-1,1s.448,1,1,1Z\"><\/path><\/svg>\t\t\t\t<\/span>\n\t\t\t<\/div>\n\t\t\t\n\t\t\t\t\t\t<div class=\"elementor-icon-box-content\">\n\n\t\t\t\t\t\t\t\t\t<h1 class=\"elementor-icon-box-title\">\n\t\t\t\t\t\t<span  >\n\t\t\t\t\t\t\tREFIS 2025\t\t\t\t\t\t<\/span>\n\t\t\t\t\t<\/h1>\n\t\t\t\t\n\t\t\t\t\n\t\t\t<\/div>\n\t\t\t\n\t\t<\/div>\n\t\t\t\t\t\t<\/div>\n\t\t\t\t<\/div>\n\t\t\t\t\t<\/div>\n\t\t\t\t<\/div>\n\t\t<div class=\"elementor-element elementor-element-781aebe3 e-flex e-con-boxed e-con e-parent\" data-id=\"781aebe3\" data-element_type=\"container\" data-e-type=\"container\" data-settings=\"{&quot;jet_parallax_layout_list&quot;:[]}\">\n\t\t\t\t\t<div class=\"e-con-inner\">\n\t\t<div class=\"elementor-element elementor-element-1ca20309 e-con-full e-flex e-con e-child\" data-id=\"1ca20309\" data-element_type=\"container\" data-e-type=\"container\" data-settings=\"{&quot;jet_parallax_layout_list&quot;:[]}\">\n\t\t\t\t<div class=\"elementor-element elementor-element-5a41b30 elementor-widget elementor-widget-text-editor\" data-id=\"5a41b30\" data-element_type=\"widget\" data-e-type=\"widget\" data-widget_type=\"text-editor.default\">\n\t\t\t\t<div class=\"elementor-widget-container\">\n\t\t\t\t\t\t\t\t\t<p align=\"center\"><strong>COMO SOLICITAR?<\/strong><\/p><p>-De forma presencial, das 8h as 11h e das 13h as 16:30h, de segunda- feira a sexta -feira, na secretaria municipal da Fazenda, junto ao pa\u00e7o.<\/p><p>-Atrav\u00e9s dos e-mails <a href=\"mailto:dividaativa@canela.rs.gov.br\">dividaativa@canela.rs.gov.br<\/a> (d\u00e9bitos administrativos) e <a href=\"mailto:execucaofiscal@canela.rs.gov.br\">execucaofiscal@canela.rs.gov.br<\/a> (d\u00e9bitos judiciais)<\/p><p align=\"center\">\u00a0<\/p><p align=\"center\"><strong>COMO FUNCIONAM OS DESCONTOS?<\/strong><\/p><ul><li>em parcela \u00fanica &#8211; 100% de redu\u00e7\u00e3o do valor da multa e juros morat\u00f3rios sobre o valor principal;<\/li><li>de 2 a 12 parcelas &#8211; 80% de redu\u00e7\u00e3o do valor da multa e juros morat\u00f3rios sobre o valor principal;<\/li><li>de 13 a 24 parcelas &#8211; 60% de redu\u00e7\u00e3o do valor da multa e juros morat\u00f3rios sobre o valor principal;<\/li><li>de 25 a 48 parcelas &#8211; 40% de redu\u00e7\u00e3o do valor da multa e juros morat\u00f3rios sobre o valor principal.<\/li><li>D\u00e9bitos contemplados pelo REFIS 2017 possuem condi\u00e7\u00f5es diferenciadas.<\/li><\/ul><p align=\"center\">\u00a0<\/p><p align=\"center\"><strong>PARCELA M\u00cdNIMA:<\/strong><\/p><p>Pessoa f\u00edsica(CPF) \u2013 R$ 92,00<\/p><p>Pessoa Jur\u00eddica (CNPJ) \u2013 R$ 183,00<\/p><p align=\"center\">\u00a0<\/p><p align=\"center\"><strong>PAGAMENTO DA PRIMEIRA PARCELA DEVE SER NO ATO <\/strong><\/p><p align=\"center\">(caso n\u00e3o pago o sistema invalida automaticamente o acordo)<\/p><ul><li>Ser\u00e1 necess\u00e1ria a apresenta\u00e7\u00e3o de documento de identifica\u00e7\u00e3o e demais documentos complementares poder\u00e3o ser solicitados.<\/li><\/ul>\t\t\t\t\t\t\t\t<\/div>\n\t\t\t\t<\/div>\n\t\t\t\t<div class=\"elementor-element elementor-element-4172ff8c elementor-position-inline-start elementor-view-default elementor-mobile-position-block-start elementor-widget elementor-widget-icon-box\" data-id=\"4172ff8c\" data-element_type=\"widget\" data-e-type=\"widget\" data-widget_type=\"icon-box.default\">\n\t\t\t\t<div class=\"elementor-widget-container\">\n\t\t\t\t\t\t\t<div class=\"elementor-icon-box-wrapper\">\n\n\t\t\t\t\t\t<div class=\"elementor-icon-box-icon\">\n\t\t\t\t<a href=\"https:\/\/canela.cespro.com.br\/visualizarDiploma.php?cdMunicipio=7337&#038;cdDiploma=20255003&#038;NroLei=5.003&#038;Word=5003&#038;Word2=\" target=\"_blank\" class=\"elementor-icon\" tabindex=\"-1\" aria-label=\"LEI MUNICIPAL N\u00ba 5.003, DE 13\/05\/2025\" rel=\"noopener\">\n\t\t\t\t<svg aria-hidden=\"true\" class=\"e-font-icon-svg e-far-file-alt\" viewBox=\"0 0 384 512\" xmlns=\"http:\/\/www.w3.org\/2000\/svg\"><path d=\"M288 248v28c0 6.6-5.4 12-12 12H108c-6.6 0-12-5.4-12-12v-28c0-6.6 5.4-12 12-12h168c6.6 0 12 5.4 12 12zm-12 72H108c-6.6 0-12 5.4-12 12v28c0 6.6 5.4 12 12 12h168c6.6 0 12-5.4 12-12v-28c0-6.6-5.4-12-12-12zm108-188.1V464c0 26.5-21.5 48-48 48H48c-26.5 0-48-21.5-48-48V48C0 21.5 21.5 0 48 0h204.1C264.8 0 277 5.1 286 14.1L369.9 98c9 8.9 14.1 21.2 14.1 33.9zm-128-80V128h76.1L256 51.9zM336 464V176H232c-13.3 0-24-10.7-24-24V48H48v416h288z\"><\/path><\/svg>\t\t\t\t<\/a>\n\t\t\t<\/div>\n\t\t\t\n\t\t\t\t\t\t<div class=\"elementor-icon-box-content\">\n\n\t\t\t\t\t\t\t\t\t<h3 class=\"elementor-icon-box-title\">\n\t\t\t\t\t\t<a href=\"https:\/\/canela.cespro.com.br\/visualizarDiploma.php?cdMunicipio=7337&#038;cdDiploma=20255003&#038;NroLei=5.003&#038;Word=5003&#038;Word2=\" target=\"_blank\" rel=\"noopener\">\n\t\t\t\t\t\t\tLEI MUNICIPAL N\u00ba 5.003, DE 13\/05\/2025\t\t\t\t\t\t<\/a>\n\t\t\t\t\t<\/h3>\n\t\t\t\t\n\t\t\t\t\t\t\t\t\t<p class=\"elementor-icon-box-description\">\n\t\t\t\t\t\tInstitui o Programa de Recupera\u00e7\u00e3o Fiscal \u2013 REFIS no Munic\u00edpio de Canela\/RS, para o Exerc\u00edcio de 2025. \t\t\t\t\t<\/p>\n\t\t\t\t\n\t\t\t<\/div>\n\t\t\t\n\t\t<\/div>\n\t\t\t\t\t\t<\/div>\n\t\t\t\t<\/div>\n\t\t\t\t<\/div>\n\t\t<div class=\"elementor-element elementor-element-2eb695d1 e-con-full e-flex e-con e-child\" data-id=\"2eb695d1\" data-element_type=\"container\" data-e-type=\"container\" data-settings=\"{&quot;jet_parallax_layout_list&quot;:[]}\">\n\t\t\t\t<div class=\"elementor-element elementor-element-8de8104 elementor-position-inline-start elementor-view-default elementor-mobile-position-block-start elementor-widget elementor-widget-icon-box\" data-id=\"8de8104\" data-element_type=\"widget\" data-e-type=\"widget\" data-widget_type=\"icon-box.default\">\n\t\t\t\t<div class=\"elementor-widget-container\">\n\t\t\t\t\t\t\t<div class=\"elementor-icon-box-wrapper\">\n\n\t\t\t\t\t\t<div class=\"elementor-icon-box-icon\">\n\t\t\t\t<span  class=\"elementor-icon\">\n\t\t\t\t<svg aria-hidden=\"true\" class=\"e-font-icon-svg e-fas-envelope\" viewBox=\"0 0 512 512\" xmlns=\"http:\/\/www.w3.org\/2000\/svg\"><path d=\"M502.3 190.8c3.9-3.1 9.7-.2 9.7 4.7V400c0 26.5-21.5 48-48 48H48c-26.5 0-48-21.5-48-48V195.6c0-5 5.7-7.8 9.7-4.7 22.4 17.4 52.1 39.5 154.1 113.6 21.1 15.4 56.7 47.8 92.2 47.6 35.7.3 72-32.8 92.3-47.6 102-74.1 131.6-96.3 154-113.7zM256 320c23.2.4 56.6-29.2 73.4-41.4 132.7-96.3 142.8-104.7 173.4-128.7 5.8-4.5 9.2-11.5 9.2-18.9v-19c0-26.5-21.5-48-48-48H48C21.5 64 0 85.5 0 112v19c0 7.4 3.4 14.3 9.2 18.9 30.6 23.9 40.7 32.4 173.4 128.7 16.8 12.2 50.2 41.8 73.4 41.4z\"><\/path><\/svg>\t\t\t\t<\/span>\n\t\t\t<\/div>\n\t\t\t\n\t\t\t\t\t\t<div class=\"elementor-icon-box-content\">\n\n\t\t\t\t\t\t\t\t\t<h3 class=\"elementor-icon-box-title\">\n\t\t\t\t\t\t<span  >\n\t\t\t\t\t\t\tsmf@canela.rs.gov.br\t\t\t\t\t\t<\/span>\n\t\t\t\t\t<\/h3>\n\t\t\t\t\n\t\t\t\t\n\t\t\t<\/div>\n\t\t\t\n\t\t<\/div>\n\t\t\t\t\t\t<\/div>\n\t\t\t\t<\/div>\n\t\t\t\t<div class=\"elementor-element elementor-element-265e8ed3 elementor-position-inline-start elementor-view-default elementor-mobile-position-block-start elementor-widget elementor-widget-icon-box\" data-id=\"265e8ed3\" data-element_type=\"widget\" data-e-type=\"widget\" data-widget_type=\"icon-box.default\">\n\t\t\t\t<div class=\"elementor-widget-container\">\n\t\t\t\t\t\t\t<div class=\"elementor-icon-box-wrapper\">\n\n\t\t\t\t\t\t<div class=\"elementor-icon-box-icon\">\n\t\t\t\t<span  class=\"elementor-icon\">\n\t\t\t\t<svg aria-hidden=\"true\" class=\"e-font-icon-svg e-fas-phone-alt\" viewBox=\"0 0 512 512\" xmlns=\"http:\/\/www.w3.org\/2000\/svg\"><path d=\"M497.39 361.8l-112-48a24 24 0 0 0-28 6.9l-49.6 60.6A370.66 370.66 0 0 1 130.6 204.11l60.6-49.6a23.94 23.94 0 0 0 6.9-28l-48-112A24.16 24.16 0 0 0 122.6.61l-104 24A24 24 0 0 0 0 48c0 256.5 207.9 464 464 464a24 24 0 0 0 23.4-18.6l24-104a24.29 24.29 0 0 0-14.01-27.6z\"><\/path><\/svg>\t\t\t\t<\/span>\n\t\t\t<\/div>\n\t\t\t\n\t\t\t\t\t\t<div class=\"elementor-icon-box-content\">\n\n\t\t\t\t\t\t\t\t\t<h3 class=\"elementor-icon-box-title\">\n\t\t\t\t\t\t<span  >\n\t\t\t\t\t\t\t(54) 3282-5100\t\t\t\t\t\t<\/span>\n\t\t\t\t\t<\/h3>\n\t\t\t\t\n\t\t\t\t\n\t\t\t<\/div>\n\t\t\t\n\t\t<\/div>\n\t\t\t\t\t\t<\/div>\n\t\t\t\t<\/div>\n\t\t\t\t<div class=\"elementor-element elementor-element-763fb0eb elementor-position-inline-start elementor-view-default elementor-mobile-position-block-start elementor-widget elementor-widget-icon-box\" data-id=\"763fb0eb\" data-element_type=\"widget\" data-e-type=\"widget\" data-widget_type=\"icon-box.default\">\n\t\t\t\t<div class=\"elementor-widget-container\">\n\t\t\t\t\t\t\t<div class=\"elementor-icon-box-wrapper\">\n\n\t\t\t\t\t\t<div class=\"elementor-icon-box-icon\">\n\t\t\t\t<span  class=\"elementor-icon\">\n\t\t\t\t<svg aria-hidden=\"true\" class=\"e-font-icon-svg e-fas-map-marker-alt\" viewBox=\"0 0 384 512\" xmlns=\"http:\/\/www.w3.org\/2000\/svg\"><path d=\"M172.268 501.67C26.97 291.031 0 269.413 0 192 0 85.961 85.961 0 192 0s192 85.961 192 192c0 77.413-26.97 99.031-172.268 309.67-9.535 13.774-29.93 13.773-39.464 0zM192 272c44.183 0 80-35.817 80-80s-35.817-80-80-80-80 35.817-80 80 35.817 80 80 80z\"><\/path><\/svg>\t\t\t\t<\/span>\n\t\t\t<\/div>\n\t\t\t\n\t\t\t\t\t\t<div class=\"elementor-icon-box-content\">\n\n\t\t\t\t\t\t\t\t\t<h3 class=\"elementor-icon-box-title\">\n\t\t\t\t\t\t<span  >\n\t\t\t\t\t\t\tRua Dona Carlina, 455 - Centro\t\t\t\t\t\t<\/span>\n\t\t\t\t\t<\/h3>\n\t\t\t\t\n\t\t\t\t\t\t\t\t\t<p class=\"elementor-icon-box-description\">\n\t\t\t\t\t\tCEP: 95680-900\t\t\t\t\t<\/p>\n\t\t\t\t\n\t\t\t<\/div>\n\t\t\t\n\t\t<\/div>\n\t\t\t\t\t\t<\/div>\n\t\t\t\t<\/div>\n\t\t\t\t<div class=\"elementor-element elementor-element-230a8b2 elementor-position-inline-start elementor-view-default elementor-mobile-position-block-start elementor-widget elementor-widget-icon-box\" data-id=\"230a8b2\" data-element_type=\"widget\" data-e-type=\"widget\" data-widget_type=\"icon-box.default\">\n\t\t\t\t<div class=\"elementor-widget-container\">\n\t\t\t\t\t\t\t<div class=\"elementor-icon-box-wrapper\">\n\n\t\t\t\t\t\t<div class=\"elementor-icon-box-icon\">\n\t\t\t\t<span  class=\"elementor-icon\">\n\t\t\t\t<svg aria-hidden=\"true\" class=\"e-font-icon-svg e-fas-clock\" viewBox=\"0 0 512 512\" xmlns=\"http:\/\/www.w3.org\/2000\/svg\"><path d=\"M256,8C119,8,8,119,8,256S119,504,256,504,504,393,504,256,393,8,256,8Zm92.49,313h0l-20,25a16,16,0,0,1-22.49,2.5h0l-67-49.72a40,40,0,0,1-15-31.23V112a16,16,0,0,1,16-16h32a16,16,0,0,1,16,16V256l58,42.5A16,16,0,0,1,348.49,321Z\"><\/path><\/svg>\t\t\t\t<\/span>\n\t\t\t<\/div>\n\t\t\t\n\t\t\t\t\t\t<div class=\"elementor-icon-box-content\">\n\n\t\t\t\t\t\t\t\t\t<h3 class=\"elementor-icon-box-title\">\n\t\t\t\t\t\t<span  >\n\t\t\t\t\t\t\tSegunda a Sexta-feira\t\t\t\t\t\t<\/span>\n\t\t\t\t\t<\/h3>\n\t\t\t\t\n\t\t\t\t\t\t\t\t\t<p class=\"elementor-icon-box-description\">\n\t\t\t\t\t\t8h \u00e0s 11h30<br>\n13h \u00e0s 16h30\t\t\t\t\t<\/p>\n\t\t\t\t\n\t\t\t<\/div>\n\t\t\t\n\t\t<\/div>\n\t\t\t\t\t\t<\/div>\n\t\t\t\t<\/div>\n\t\t\t\t<\/div>\n\t\t\t\t\t<\/div>\n\t\t\t\t<\/div>\n\t\t\t\t<\/div>\n\t\t","protected":false},"excerpt":{"rendered":"<p>HOME REFIS 2025 COMO SOLICITAR? -De forma presencial, das 8h as 11h e das 13h as 16:30h, de segunda- feira a sexta -feira, na secretaria municipal da Fazenda, junto ao pa\u00e7o. -Atrav\u00e9s dos e-mails dividaativa@canela.rs.gov.br (d\u00e9bitos administrativos) e execucaofiscal@canela.rs.gov.br (d\u00e9bitos judiciais) \u00a0 COMO FUNCIONAM OS DESCONTOS? em parcela \u00fanica &#8211; 100% de redu\u00e7\u00e3o do valor [&hellip;]<\/p>\n","protected":false},"author":1,"featured_media":0,"parent":288,"menu_order":0,"comment_status":"closed","ping_status":"closed","template":"elementor_header_footer","meta":{"footnotes":""},"class_list":["post-6665","page","type-page","status-publish","hentry"],"_links":{"self":[{"href":"https:\/\/canela.rs.gov.br\/sitenovo\/wp-json\/wp\/v2\/pages\/6665","targetHints":{"allow":["GET"]}}],"collection":[{"href":"https:\/\/canela.rs.gov.br\/sitenovo\/wp-json\/wp\/v2\/pages"}],"about":[{"href":"https:\/\/canela.rs.gov.br\/sitenovo\/wp-json\/wp\/v2\/types\/page"}],"author":[{"embeddable":true,"href":"https:\/\/canela.rs.gov.br\/sitenovo\/wp-json\/wp\/v2\/users\/1"}],"replies":[{"embeddable":true,"href":"https:\/\/canela.rs.gov.br\/sitenovo\/wp-json\/wp\/v2\/comments?post=6665"}],"version-history":[{"count":10,"href":"https:\/\/canela.rs.gov.br\/sitenovo\/wp-json\/wp\/v2\/pages\/6665\/revisions"}],"predecessor-version":[{"id":6756,"href":"https:\/\/canela.rs.gov.br\/sitenovo\/wp-json\/wp\/v2\/pages\/6665\/revisions\/6756"}],"up":[{"embeddable":true,"href":"https:\/\/canela.rs.gov.br\/sitenovo\/wp-json\/wp\/v2\/pages\/288"}],"wp:attachment":[{"href":"https:\/\/canela.rs.gov.br\/sitenovo\/wp-json\/wp\/v2\/media?parent=6665"}],"curies":[{"name":"wp","href":"https:\/\/api.w.org\/{rel}","templated":true}]}}