{"id":2658,"date":"2024-10-18T09:28:58","date_gmt":"2024-10-18T12:28:58","guid":{"rendered":"https:\/\/canela.rs.gov.br\/sitenovo\/?page_id=2658"},"modified":"2025-04-16T11:10:20","modified_gmt":"2025-04-16T14:10:20","slug":"previsao-do-tempo","status":"publish","type":"page","link":"https:\/\/canela.rs.gov.br\/sitenovo\/previsao-do-tempo\/","title":{"rendered":"Previs\u00e3o do Tempo"},"content":{"rendered":"\t\t<div data-elementor-type=\"wp-page\" data-elementor-id=\"2658\" class=\"elementor elementor-2658\" data-elementor-post-type=\"page\">\n\t\t\t\t<div class=\"elementor-element elementor-element-6730b891 e-flex e-con-boxed e-con e-parent\" data-id=\"6730b891\" data-element_type=\"container\" data-e-type=\"container\" data-settings=\"{&quot;background_background&quot;:&quot;classic&quot;,&quot;jet_parallax_layout_list&quot;:[]}\">\n\t\t\t\t\t<div class=\"e-con-inner\">\n\t\t\t\t<div class=\"elementor-element elementor-element-28d2264 elementor-widget elementor-widget-jet-breadcrumbs\" data-id=\"28d2264\" data-element_type=\"widget\" data-e-type=\"widget\" data-widget_type=\"jet-breadcrumbs.default\">\n\t\t\t\t<div class=\"elementor-widget-container\">\n\t\t\t\t\t<div class=\"elementor-jet-breadcrumbs jet-blocks\">\n\t\t<div class=\"jet-breadcrumbs\">\n\t\t<div class=\"jet-breadcrumbs__content\">\n\t\t<div class=\"jet-breadcrumbs__wrap\"><div class=\"jet-breadcrumbs__item\"><a href=\"https:\/\/canela.rs.gov.br\/sitenovo\/\" class=\"jet-breadcrumbs__item-link is-home\" rel=\"home\" title=\"Home\">Home<\/a><\/div>\n\t\t<\/div>\n\t\t<\/div>\n\t\t<\/div><\/div>\t\t\t\t<\/div>\n\t\t\t\t<\/div>\n\t\t\t\t\t<\/div>\n\t\t\t\t<\/div>\n\t\t<div class=\"elementor-element elementor-element-5f8c53ad e-flex e-con-boxed e-con e-parent\" data-id=\"5f8c53ad\" data-element_type=\"container\" data-e-type=\"container\" data-settings=\"{&quot;background_background&quot;:&quot;classic&quot;,&quot;jet_parallax_layout_list&quot;:[]}\">\n\t\t\t\t\t<div class=\"e-con-inner\">\n\t\t\t\t<div class=\"elementor-element elementor-element-3442cfaa elementor-view-framed elementor-position-inline-start elementor-mobile-position-inline-start elementor-shape-circle elementor-widget elementor-widget-icon-box\" data-id=\"3442cfaa\" data-element_type=\"widget\" data-e-type=\"widget\" data-widget_type=\"icon-box.default\">\n\t\t\t\t<div class=\"elementor-widget-container\">\n\t\t\t\t\t\t\t<div class=\"elementor-icon-box-wrapper\">\n\n\t\t\t\t\t\t<div class=\"elementor-icon-box-icon\">\n\t\t\t\t<span  class=\"elementor-icon\">\n\t\t\t\t<svg xmlns=\"http:\/\/www.w3.org\/2000\/svg\" id=\"Layer_1\" data-name=\"Layer 1\" viewBox=\"0 0 24 24\" width=\"512\" height=\"512\"><path d=\"M13.892,24c-1.96,0-3.837-.008-4.491-.026a3.749,3.749,0,0,1-.834-.121,3.5,3.5,0,0,1-.449-6.588,6.366,6.366,0,0,1,.057-2.732,6,6,0,0,1,11.368-.855c.136.326.286.36.587.427l.176.042h0a5.014,5.014,0,0,1,3.559,6,4.951,4.951,0,0,1-3.7,3.7,5.283,5.283,0,0,1-1.064.131C18.229,23.99,16.013,24,13.892,24Zm.09-12.023a4.045,4.045,0,0,0-.589.043A3.994,3.994,0,0,0,10.087,16.8,2.017,2.017,0,0,1,8.907,19.1a1.494,1.494,0,0,0-.851,1.8,1.473,1.473,0,0,0,1.02,1.019,1.673,1.673,0,0,0,.382.057c1.342.036,7.945.03,9.6,0a3.234,3.234,0,0,0,.657-.081,2.977,2.977,0,0,0,2.2-2.193,3.023,3.023,0,0,0-2.132-3.622l-.092-.021a2.582,2.582,0,0,1-2-1.611A4.013,4.013,0,0,0,13.982,11.977ZM2.28,16.894a1,1,0,0,1-.512-1.86l2.709-1.612a.5.5,0,0,0,.3-.54,6.425,6.425,0,0,1-.2-.882H1a1,1,0,0,1,0-2H4.575a6.206,6.206,0,0,1,.387-1.4l-3.078-1.8a1,1,0,1,1,1.01-1.725l3.1,1.814a6.718,6.718,0,0,1,.951-.934L5.11,2.854a1,1,0,0,1,1.721-1.02L8.674,4.943A6.5,6.5,0,0,1,10,4.58V1a1,1,0,0,1,2,0V4.577a6.137,6.137,0,0,1,1.384.386l1.823-3.115a1,1,0,0,1,1.727,1.011L15.091,6.005c.427.274.717,1,1.27.717L19,4.972a1,1,0,1,1,1.1,1.668L17.416,8.42a2.511,2.511,0,0,1-3.147-.442A4.7,4.7,0,0,0,10.986,6.5,4.692,4.692,0,0,0,6.5,11.023,4.115,4.115,0,0,0,6.691,12.3,2.462,2.462,0,0,1,5.46,15.163l-2.669,1.59A1,1,0,0,1,2.28,16.894Z\"><\/path><\/svg>\t\t\t\t<\/span>\n\t\t\t<\/div>\n\t\t\t\n\t\t\t\t\t\t<div class=\"elementor-icon-box-content\">\n\n\t\t\t\t\t\t\t\t\t<h1 class=\"elementor-icon-box-title\">\n\t\t\t\t\t\t<span  >\n\t\t\t\t\t\t\tPrevis\u00e3o do Tempo\t\t\t\t\t\t<\/span>\n\t\t\t\t\t<\/h1>\n\t\t\t\t\n\t\t\t\t\n\t\t\t<\/div>\n\t\t\t\n\t\t<\/div>\n\t\t\t\t\t\t<\/div>\n\t\t\t\t<\/div>\n\t\t\t\t\t<\/div>\n\t\t\t\t<\/div>\n\t\t<div class=\"elementor-element elementor-element-374cedd e-flex e-con-boxed e-con e-parent\" data-id=\"374cedd\" data-element_type=\"container\" data-e-type=\"container\" data-settings=\"{&quot;jet_parallax_layout_list&quot;:[]}\">\n\t\t\t\t\t<div class=\"e-con-inner\">\n\t\t\t\t<div class=\"elementor-element elementor-element-8ea129a elementor-hidden-desktop elementor-widget elementor-widget-html\" data-id=\"8ea129a\" data-element_type=\"widget\" data-e-type=\"widget\" data-widget_type=\"html.default\">\n\t\t\t\t<div class=\"elementor-widget-container\">\n\t\t\t\t\t<div id=\"cont_14b53489d50071d164e68bcabccf6acc\"><script type=\"text\/javascript\" async src=\"https:\/\/www.tempo.com\/wid_loader\/14b53489d50071d164e68bcabccf6acc\"><\/script><\/div>\t\t\t\t<\/div>\n\t\t\t\t<\/div>\n\t\t\t\t<div class=\"elementor-element elementor-element-70b8e60 elementor-hidden-tablet elementor-hidden-mobile elementor-widget elementor-widget-html\" data-id=\"70b8e60\" data-element_type=\"widget\" data-e-type=\"widget\" data-widget_type=\"html.default\">\n\t\t\t\t<div class=\"elementor-widget-container\">\n\t\t\t\t\t<div id=\"cont_1e4580a81071af439d0b7c40bb27a7ed\"><script type=\"text\/javascript\" async src=\"https:\/\/www.tempo.com\/wid_loader\/1e4580a81071af439d0b7c40bb27a7ed\"><\/script><\/div>\t\t\t\t<\/div>\n\t\t\t\t<\/div>\n\t\t\t\t<div class=\"elementor-element elementor-element-a1dd15d elementor-align-right elementor-mobile-align-center elementor-widget elementor-widget-button\" data-id=\"a1dd15d\" data-element_type=\"widget\" data-e-type=\"widget\" data-widget_type=\"button.default\">\n\t\t\t\t<div class=\"elementor-widget-container\">\n\t\t\t\t\t\t\t\t\t<div class=\"elementor-button-wrapper\">\n\t\t\t\t\t<a class=\"elementor-button elementor-button-link elementor-size-sm\" href=\"https:\/\/www.tempo.com\/canela_rio-grande-do-sul-l117044.htm\" target=\"_blank\" rel=\"noopener\">\n\t\t\t\t\t\t<span class=\"elementor-button-content-wrapper\">\n\t\t\t\t\t\t<span class=\"elementor-button-icon\">\n\t\t\t\t<svg xmlns=\"http:\/\/www.w3.org\/2000\/svg\" id=\"Layer_1\" data-name=\"Layer 1\" viewBox=\"0 0 24 24\" width=\"512\" height=\"512\"><path d=\"M13.892,24c-1.96,0-3.837-.008-4.491-.026a3.749,3.749,0,0,1-.834-.121,3.5,3.5,0,0,1-.449-6.588,6.366,6.366,0,0,1,.057-2.732,6,6,0,0,1,11.368-.855c.136.326.286.36.587.427l.176.042h0a5.014,5.014,0,0,1,3.559,6,4.951,4.951,0,0,1-3.7,3.7,5.283,5.283,0,0,1-1.064.131C18.229,23.99,16.013,24,13.892,24Zm.09-12.023a4.045,4.045,0,0,0-.589.043A3.994,3.994,0,0,0,10.087,16.8,2.017,2.017,0,0,1,8.907,19.1a1.494,1.494,0,0,0-.851,1.8,1.473,1.473,0,0,0,1.02,1.019,1.673,1.673,0,0,0,.382.057c1.342.036,7.945.03,9.6,0a3.234,3.234,0,0,0,.657-.081,2.977,2.977,0,0,0,2.2-2.193,3.023,3.023,0,0,0-2.132-3.622l-.092-.021a2.582,2.582,0,0,1-2-1.611A4.013,4.013,0,0,0,13.982,11.977ZM2.28,16.894a1,1,0,0,1-.512-1.86l2.709-1.612a.5.5,0,0,0,.3-.54,6.425,6.425,0,0,1-.2-.882H1a1,1,0,0,1,0-2H4.575a6.206,6.206,0,0,1,.387-1.4l-3.078-1.8a1,1,0,1,1,1.01-1.725l3.1,1.814a6.718,6.718,0,0,1,.951-.934L5.11,2.854a1,1,0,0,1,1.721-1.02L8.674,4.943A6.5,6.5,0,0,1,10,4.58V1a1,1,0,0,1,2,0V4.577a6.137,6.137,0,0,1,1.384.386l1.823-3.115a1,1,0,0,1,1.727,1.011L15.091,6.005c.427.274.717,1,1.27.717L19,4.972a1,1,0,1,1,1.1,1.668L17.416,8.42a2.511,2.511,0,0,1-3.147-.442A4.7,4.7,0,0,0,10.986,6.5,4.692,4.692,0,0,0,6.5,11.023,4.115,4.115,0,0,0,6.691,12.3,2.462,2.462,0,0,1,5.46,15.163l-2.669,1.59A1,1,0,0,1,2.28,16.894Z\"><\/path><\/svg>\t\t\t<\/span>\n\t\t\t\t\t\t\t\t\t<span class=\"elementor-button-text\">Informa\u00e7\u00f5es Completas<\/span>\n\t\t\t\t\t<\/span>\n\t\t\t\t\t<\/a>\n\t\t\t\t<\/div>\n\t\t\t\t\t\t\t\t<\/div>\n\t\t\t\t<\/div>\n\t\t\t\t\t<\/div>\n\t\t\t\t<\/div>\n\t\t\t\t<\/div>\n\t\t","protected":false},"excerpt":{"rendered":"<p>Home Previs\u00e3o do Tempo Informa\u00e7\u00f5es Completas<\/p>\n","protected":false},"author":1,"featured_media":0,"parent":0,"menu_order":22,"comment_status":"closed","ping_status":"closed","template":"elementor_header_footer","meta":{"footnotes":""},"class_list":["post-2658","page","type-page","status-publish","hentry"],"_links":{"self":[{"href":"https:\/\/canela.rs.gov.br\/sitenovo\/wp-json\/wp\/v2\/pages\/2658","targetHints":{"allow":["GET"]}}],"collection":[{"href":"https:\/\/canela.rs.gov.br\/sitenovo\/wp-json\/wp\/v2\/pages"}],"about":[{"href":"https:\/\/canela.rs.gov.br\/sitenovo\/wp-json\/wp\/v2\/types\/page"}],"author":[{"embeddable":true,"href":"https:\/\/canela.rs.gov.br\/sitenovo\/wp-json\/wp\/v2\/users\/1"}],"replies":[{"embeddable":true,"href":"https:\/\/canela.rs.gov.br\/sitenovo\/wp-json\/wp\/v2\/comments?post=2658"}],"version-history":[{"count":14,"href":"https:\/\/canela.rs.gov.br\/sitenovo\/wp-json\/wp\/v2\/pages\/2658\/revisions"}],"predecessor-version":[{"id":5638,"href":"https:\/\/canela.rs.gov.br\/sitenovo\/wp-json\/wp\/v2\/pages\/2658\/revisions\/5638"}],"wp:attachment":[{"href":"https:\/\/canela.rs.gov.br\/sitenovo\/wp-json\/wp\/v2\/media?parent=2658"}],"curies":[{"name":"wp","href":"https:\/\/api.w.org\/{rel}","templated":true}]}}