{"id":10990,"date":"2025-11-04T11:37:26","date_gmt":"2025-11-04T14:37:26","guid":{"rendered":"https:\/\/canela.rs.gov.br\/sitenovo\/?page_id=10990"},"modified":"2025-11-04T15:06:35","modified_gmt":"2025-11-04T18:06:35","slug":"inscricao-i-forum-ecocidadania","status":"publish","type":"page","link":"https:\/\/canela.rs.gov.br\/sitenovo\/smeel\/i-forum-ecocidadania\/inscricao-i-forum-ecocidadania\/","title":{"rendered":"Inscri\u00e7\u00e3o I F\u00f3rum Ecocidadania"},"content":{"rendered":"\t\t<div data-elementor-type=\"wp-page\" data-elementor-id=\"10990\" class=\"elementor elementor-10990\" data-elementor-post-type=\"page\">\n\t\t\t\t<div class=\"elementor-element elementor-element-2de5a4dd e-flex e-con-boxed e-con e-parent\" data-id=\"2de5a4dd\" data-element_type=\"container\" data-e-type=\"container\" data-settings=\"{&quot;background_background&quot;:&quot;classic&quot;,&quot;jet_parallax_layout_list&quot;:[]}\">\n\t\t\t\t\t<div class=\"e-con-inner\">\n\t\t\t\t<div class=\"elementor-element elementor-element-5c9d8088 elementor-widget elementor-widget-jet-breadcrumbs\" data-id=\"5c9d8088\" data-element_type=\"widget\" data-e-type=\"widget\" data-widget_type=\"jet-breadcrumbs.default\">\n\t\t\t\t<div class=\"elementor-widget-container\">\n\t\t\t\t\t<div class=\"elementor-jet-breadcrumbs jet-blocks\">\n\t\t<div class=\"jet-breadcrumbs\">\n\t\t<div class=\"jet-breadcrumbs__content\">\n\t\t<div class=\"jet-breadcrumbs__wrap\"><div class=\"jet-breadcrumbs__item\"><a href=\"https:\/\/canela.rs.gov.br\/sitenovo\/\" class=\"jet-breadcrumbs__item-link is-home\" rel=\"home\" title=\"Home\">Home<\/a><\/div>\n\t\t<\/div>\n\t\t<\/div>\n\t\t<\/div><\/div>\t\t\t\t<\/div>\n\t\t\t\t<\/div>\n\t\t\t\t\t<\/div>\n\t\t\t\t<\/div>\n\t\t<div class=\"elementor-element elementor-element-3f3352cb e-flex e-con-boxed e-con e-parent\" data-id=\"3f3352cb\" data-element_type=\"container\" data-e-type=\"container\" data-settings=\"{&quot;background_background&quot;:&quot;classic&quot;,&quot;jet_parallax_layout_list&quot;:[]}\">\n\t\t\t\t\t<div class=\"e-con-inner\">\n\t\t\t\t<div class=\"elementor-element elementor-element-65d5ef56 elementor-view-framed elementor-position-inline-start elementor-shape-circle elementor-mobile-position-block-start elementor-widget elementor-widget-icon-box\" data-id=\"65d5ef56\" data-element_type=\"widget\" data-e-type=\"widget\" data-widget_type=\"icon-box.default\">\n\t\t\t\t<div class=\"elementor-widget-container\">\n\t\t\t\t\t\t\t<div class=\"elementor-icon-box-wrapper\">\n\n\t\t\t\t\t\t<div class=\"elementor-icon-box-icon\">\n\t\t\t\t<span  class=\"elementor-icon\">\n\t\t\t\t<svg aria-hidden=\"true\" class=\"e-font-icon-svg e-fas-users\" viewBox=\"0 0 640 512\" xmlns=\"http:\/\/www.w3.org\/2000\/svg\"><path d=\"M96 224c35.3 0 64-28.7 64-64s-28.7-64-64-64-64 28.7-64 64 28.7 64 64 64zm448 0c35.3 0 64-28.7 64-64s-28.7-64-64-64-64 28.7-64 64 28.7 64 64 64zm32 32h-64c-17.6 0-33.5 7.1-45.1 18.6 40.3 22.1 68.9 62 75.1 109.4h66c17.7 0 32-14.3 32-32v-32c0-35.3-28.7-64-64-64zm-256 0c61.9 0 112-50.1 112-112S381.9 32 320 32 208 82.1 208 144s50.1 112 112 112zm76.8 32h-8.3c-20.8 10-43.9 16-68.5 16s-47.6-6-68.5-16h-8.3C179.6 288 128 339.6 128 403.2V432c0 26.5 21.5 48 48 48h288c26.5 0 48-21.5 48-48v-28.8c0-63.6-51.6-115.2-115.2-115.2zm-223.7-13.4C161.5 263.1 145.6 256 128 256H64c-35.3 0-64 28.7-64 64v32c0 17.7 14.3 32 32 32h65.9c6.3-47.4 34.9-87.3 75.2-109.4z\"><\/path><\/svg>\t\t\t\t<\/span>\n\t\t\t<\/div>\n\t\t\t\n\t\t\t\t\t\t<div class=\"elementor-icon-box-content\">\n\n\t\t\t\t\t\t\t\t\t<h1 class=\"elementor-icon-box-title\">\n\t\t\t\t\t\t<span  >\n\t\t\t\t\t\t\tInscri\u00e7\u00f5es - I F\u00f3rum Ecocidadania\t\t\t\t\t\t<\/span>\n\t\t\t\t\t<\/h1>\n\t\t\t\t\n\t\t\t\t\n\t\t\t<\/div>\n\t\t\t\n\t\t<\/div>\n\t\t\t\t\t\t<\/div>\n\t\t\t\t<\/div>\n\t\t\t\t\t<\/div>\n\t\t\t\t<\/div>\n\t\t<div class=\"elementor-element elementor-element-3946855 e-flex e-con-boxed e-con e-parent\" data-id=\"3946855\" data-element_type=\"container\" data-e-type=\"container\" data-settings=\"{&quot;background_background&quot;:&quot;classic&quot;,&quot;jet_parallax_layout_list&quot;:[]}\">\n\t\t\t\t\t<div class=\"e-con-inner\">\n\t\t<div class=\"elementor-element elementor-element-619e3fb e-con-full e-flex e-con e-child\" data-id=\"619e3fb\" data-element_type=\"container\" data-e-type=\"container\" data-settings=\"{&quot;jet_parallax_layout_list&quot;:[]}\">\n\t\t\t\t<div class=\"elementor-element elementor-element-05aea4b elementor-widget elementor-widget-image\" data-id=\"05aea4b\" data-element_type=\"widget\" data-e-type=\"widget\" data-widget_type=\"image.default\">\n\t\t\t\t<div class=\"elementor-widget-container\">\n\t\t\t\t\t\t\t\t\t\t\t\t\t\t\t<img decoding=\"async\" width=\"200\" height=\"207\" src=\"https:\/\/canela.rs.gov.br\/sitenovo\/wp-content\/uploads\/2025\/11\/logoforumecocidadania.png\" class=\"attachment-large size-large wp-image-11028\" alt=\"\" \/>\t\t\t\t\t\t\t\t\t\t\t\t\t\t\t<\/div>\n\t\t\t\t<\/div>\n\t\t\t\t<\/div>\n\t\t<div class=\"elementor-element elementor-element-0b2142d e-con-full e-flex e-con e-child\" data-id=\"0b2142d\" data-element_type=\"container\" data-e-type=\"container\" data-settings=\"{&quot;jet_parallax_layout_list&quot;:[]}\">\n\t\t\t\t<div class=\"elementor-element elementor-element-790298e elementor-widget elementor-widget-image\" data-id=\"790298e\" data-element_type=\"widget\" data-e-type=\"widget\" data-widget_type=\"image.default\">\n\t\t\t\t<div class=\"elementor-widget-container\">\n\t\t\t\t\t\t\t\t\t\t\t\t\t\t\t<img decoding=\"async\" src=\"https:\/\/canela.rs.gov.br\/sitenovo\/wp-content\/uploads\/elementor\/thumbs\/nunem-forum-re7ztl1ca7bjxk62vf5tjkyjwscy4rs69mo1gf8s8w.png\" title=\"nunem-forum\" alt=\"nunem-forum\" loading=\"lazy\" \/>\t\t\t\t\t\t\t\t\t\t\t\t\t\t\t<\/div>\n\t\t\t\t<\/div>\n\t\t\t\t<\/div>\n\t\t\t\t\t<\/div>\n\t\t\t\t<\/div>\n\t\t<div class=\"elementor-element elementor-element-3a3db4a e-flex e-con-boxed e-con e-parent\" data-id=\"3a3db4a\" data-element_type=\"container\" data-e-type=\"container\" data-settings=\"{&quot;jet_parallax_layout_list&quot;:[]}\">\n\t\t\t\t\t<div class=\"e-con-inner\">\n\t\t<div class=\"elementor-element elementor-element-48bb974b e-con-full e-flex e-con e-child\" data-id=\"48bb974b\" data-element_type=\"container\" data-e-type=\"container\" data-settings=\"{&quot;jet_parallax_layout_list&quot;:[]}\">\n\t\t\t\t<div class=\"elementor-element elementor-element-2c6c830 elementor-button-align-stretch elementor-widget elementor-widget-form\" data-id=\"2c6c830\" data-element_type=\"widget\" data-e-type=\"widget\" data-settings=\"{&quot;button_width&quot;:&quot;20&quot;,&quot;step_next_label&quot;:&quot;Next&quot;,&quot;step_previous_label&quot;:&quot;Previous&quot;,&quot;step_type&quot;:&quot;number_text&quot;,&quot;step_icon_shape&quot;:&quot;circle&quot;}\" data-widget_type=\"form.default\">\n\t\t\t\t<div class=\"elementor-widget-container\">\n\t\t\t\t\t\t\t<form class=\"elementor-form\" method=\"post\" name=\"Atualiza\u00e7\u00e3o Cadastral\" aria-label=\"Atualiza\u00e7\u00e3o Cadastral\">\n\t\t\t<input type=\"hidden\" name=\"post_id\" value=\"10990\"\/>\n\t\t\t<input type=\"hidden\" name=\"form_id\" value=\"2c6c830\"\/>\n\t\t\t<input type=\"hidden\" name=\"referer_title\" value=\"Inscri\u00e7\u00e3o I F\u00f3rum Ecocidadania - Prefeitura Municipal de Canela\" \/>\n\n\t\t\t\t\t\t\t<input type=\"hidden\" name=\"queried_id\" value=\"10990\"\/>\n\t\t\t\n\t\t\t<div class=\"elementor-form-fields-wrapper elementor-labels-above\">\n\t\t\t\t\t\t\t\t<div class=\"elementor-field-type-text elementor-field-group elementor-column elementor-field-group-nomeescola elementor-col-100 elementor-field-required\">\n\t\t\t\t\t\t\t\t\t\t\t\t\t<input size=\"1\" type=\"text\" name=\"form_fields[nomeescola]\" id=\"form-field-nomeescola\" class=\"elementor-field elementor-size-sm  elementor-field-textual\" placeholder=\"Nome da Escola\" required=\"required\">\n\t\t\t\t\t\t\t\t\t\t\t<\/div>\n\t\t\t\t\t\t\t\t<div class=\"elementor-field-type-text elementor-field-group elementor-column elementor-field-group-foneescola elementor-col-100 elementor-field-required\">\n\t\t\t\t\t\t\t\t\t\t\t\t\t<input size=\"1\" type=\"text\" name=\"form_fields[foneescola]\" id=\"form-field-foneescola\" class=\"elementor-field elementor-size-sm  elementor-field-textual\" placeholder=\"Telefone da Escola\" required=\"required\">\n\t\t\t\t\t\t\t\t\t\t\t<\/div>\n\t\t\t\t\t\t\t\t<div class=\"elementor-field-type-text elementor-field-group elementor-column elementor-field-group-profrespon elementor-col-100 elementor-field-required\">\n\t\t\t\t\t\t\t\t\t\t\t\t\t<input size=\"1\" type=\"text\" name=\"form_fields[profrespon]\" id=\"form-field-profrespon\" class=\"elementor-field elementor-size-sm  elementor-field-textual\" placeholder=\"Nome do Professor respons\u00e1vel\" required=\"required\">\n\t\t\t\t\t\t\t\t\t\t\t<\/div>\n\t\t\t\t\t\t\t\t<div class=\"elementor-field-type-text elementor-field-group elementor-column elementor-field-group-foneprof elementor-col-100 elementor-field-required\">\n\t\t\t\t\t\t\t\t\t\t\t\t\t<input size=\"1\" type=\"text\" name=\"form_fields[foneprof]\" id=\"form-field-foneprof\" class=\"elementor-field elementor-size-sm  elementor-field-textual\" placeholder=\"Telefone do Professor respons\u00e1vel\" required=\"required\">\n\t\t\t\t\t\t\t\t\t\t\t<\/div>\n\t\t\t\t\t\t\t\t<div class=\"elementor-field-type-html elementor-field-group elementor-column elementor-field-group-field_5bb636e elementor-col-100\">\n\t\t\t\t\tRela\u00e7\u00e3o de alunos:\t\t\t\t<\/div>\n\t\t\t\t\t\t\t\t<div class=\"elementor-field-type-text elementor-field-group elementor-column elementor-field-group-aluno1 elementor-col-100\">\n\t\t\t\t\t\t\t\t\t\t\t\t\t<input size=\"1\" type=\"text\" name=\"form_fields[aluno1]\" id=\"form-field-aluno1\" class=\"elementor-field elementor-size-sm  elementor-field-textual\" placeholder=\"Nome aluno 1\">\n\t\t\t\t\t\t\t\t\t\t\t<\/div>\n\t\t\t\t\t\t\t\t<div class=\"elementor-field-type-text elementor-field-group elementor-column elementor-field-group-aluno2 elementor-col-100\">\n\t\t\t\t\t\t\t\t\t\t\t\t\t<input size=\"1\" type=\"text\" name=\"form_fields[aluno2]\" id=\"form-field-aluno2\" class=\"elementor-field elementor-size-sm  elementor-field-textual\" placeholder=\"Nome aluno 2\">\n\t\t\t\t\t\t\t\t\t\t\t<\/div>\n\t\t\t\t\t\t\t\t<div class=\"elementor-field-type-text elementor-field-group elementor-column elementor-field-group-aluno3 elementor-col-100\">\n\t\t\t\t\t\t\t\t\t\t\t\t\t<input size=\"1\" type=\"text\" name=\"form_fields[aluno3]\" id=\"form-field-aluno3\" class=\"elementor-field elementor-size-sm  elementor-field-textual\" placeholder=\"Nome aluno 3\">\n\t\t\t\t\t\t\t\t\t\t\t<\/div>\n\t\t\t\t\t\t\t\t<div class=\"elementor-field-type-text elementor-field-group elementor-column elementor-field-group-aluno4 elementor-col-100\">\n\t\t\t\t\t\t\t\t\t\t\t\t\t<input size=\"1\" type=\"text\" name=\"form_fields[aluno4]\" id=\"form-field-aluno4\" class=\"elementor-field elementor-size-sm  elementor-field-textual\" placeholder=\"Nome aluno 4\">\n\t\t\t\t\t\t\t\t\t\t\t<\/div>\n\t\t\t\t\t\t\t\t<div class=\"elementor-field-type-text elementor-field-group elementor-column elementor-field-group-aluno5 elementor-col-100\">\n\t\t\t\t\t\t\t\t\t\t\t\t\t<input size=\"1\" type=\"text\" name=\"form_fields[aluno5]\" id=\"form-field-aluno5\" class=\"elementor-field elementor-size-sm  elementor-field-textual\" placeholder=\"Nome aluno 5\">\n\t\t\t\t\t\t\t\t\t\t\t<\/div>\n\t\t\t\t\t\t\t\t<div class=\"elementor-field-type-text elementor-field-group elementor-column elementor-field-group-aluno6 elementor-col-100\">\n\t\t\t\t\t\t\t\t\t\t\t\t\t<input size=\"1\" type=\"text\" name=\"form_fields[aluno6]\" id=\"form-field-aluno6\" class=\"elementor-field elementor-size-sm  elementor-field-textual\" placeholder=\"Nome aluno 6\">\n\t\t\t\t\t\t\t\t\t\t\t<\/div>\n\t\t\t\t\t\t\t\t<div class=\"elementor-field-type-text elementor-field-group elementor-column elementor-field-group-aluno7 elementor-col-100\">\n\t\t\t\t\t\t\t\t\t\t\t\t\t<input size=\"1\" type=\"text\" name=\"form_fields[aluno7]\" id=\"form-field-aluno7\" class=\"elementor-field elementor-size-sm  elementor-field-textual\" placeholder=\"Nome aluno 7\">\n\t\t\t\t\t\t\t\t\t\t\t<\/div>\n\t\t\t\t\t\t\t\t<div class=\"elementor-field-type-html elementor-field-group elementor-column elementor-field-group-field_804dbf7 elementor-col-100\">\n\t\t\t\t\tVagas extras - se houver interesse em levar n\u00famero maior de alunos na delega\u00e7\u00e3o, informe no campo abaixo e aguarde contato da organiza\u00e7\u00e3o. Ser\u00e1 respondido ap\u00f3s confirma\u00e7\u00e3o do total de vagas preenchidas:\t\t\t\t<\/div>\n\t\t\t\t\t\t\t\t<div class=\"elementor-field-type-number elementor-field-group elementor-column elementor-field-group-vagasextra elementor-col-100\">\n\t\t\t\t\t\t\t\t<input type=\"number\" name=\"form_fields[vagasextra]\" id=\"form-field-vagasextra\" class=\"elementor-field elementor-size-sm  elementor-field-textual\" placeholder=\"Quantidade\" min=\"\" max=\"\" >\n\t\t\t\t\t\t<\/div>\n\t\t\t\t\t\t\t\t<div class=\"elementor-field-type-html elementor-field-group elementor-column elementor-field-group-field_1ee1fe9 elementor-col-100\">\n\t\t\t\t\tRela\u00e7\u00e3o dos trabalhos submetidos, <b>EM ORDEM DE PRIORIDADE<\/b> para fins de organizar a programa\u00e7\u00e3o de acordo com o tempo dispon\u00edvel. Ap\u00f3s encerramento das inscri\u00e7\u00f5es comunicaremos quantos projetos a escola poder\u00e1 apresentar (caso tenha mais de um):\t\t\t\t<\/div>\n\t\t\t\t\t\t\t\t<div class=\"elementor-field-type-text elementor-field-group elementor-column elementor-field-group-titulo1 elementor-col-100\">\n\t\t\t\t\t\t\t\t\t\t\t\t\t<input size=\"1\" type=\"text\" name=\"form_fields[titulo1]\" id=\"form-field-titulo1\" class=\"elementor-field elementor-size-sm  elementor-field-textual\" placeholder=\"T\u00edtulo 1\">\n\t\t\t\t\t\t\t\t\t\t\t<\/div>\n\t\t\t\t\t\t\t\t<div class=\"elementor-field-type-text elementor-field-group elementor-column elementor-field-group-titulo2 elementor-col-100\">\n\t\t\t\t\t\t\t\t\t\t\t\t\t<input size=\"1\" type=\"text\" name=\"form_fields[titulo2]\" id=\"form-field-titulo2\" class=\"elementor-field elementor-size-sm  elementor-field-textual\" placeholder=\"T\u00edtulo 2\">\n\t\t\t\t\t\t\t\t\t\t\t<\/div>\n\t\t\t\t\t\t\t\t<div class=\"elementor-field-type-text elementor-field-group elementor-column elementor-field-group-titulo3 elementor-col-100\">\n\t\t\t\t\t\t\t\t\t\t\t\t\t<input size=\"1\" type=\"text\" name=\"form_fields[titulo3]\" id=\"form-field-titulo3\" class=\"elementor-field elementor-size-sm  elementor-field-textual\" placeholder=\"T\u00edtulo 3\">\n\t\t\t\t\t\t\t\t\t\t\t<\/div>\n\t\t\t\t\t\t\t\t<div class=\"elementor-field-type-text elementor-field-group elementor-column elementor-field-group-titulo4 elementor-col-100\">\n\t\t\t\t\t\t\t\t\t\t\t\t\t<input size=\"1\" type=\"text\" name=\"form_fields[titulo4]\" id=\"form-field-titulo4\" class=\"elementor-field elementor-size-sm  elementor-field-textual\" placeholder=\"T\u00edtulo 4\">\n\t\t\t\t\t\t\t\t\t\t\t<\/div>\n\t\t\t\t\t\t\t\t<div class=\"elementor-field-type-text elementor-field-group elementor-column elementor-field-group-titulo5 elementor-col-100\">\n\t\t\t\t\t\t\t\t\t\t\t\t\t<input size=\"1\" type=\"text\" name=\"form_fields[titulo5]\" id=\"form-field-titulo5\" class=\"elementor-field elementor-size-sm  elementor-field-textual\" placeholder=\"T\u00edtulo 5\">\n\t\t\t\t\t\t\t\t\t\t\t<\/div>\n\t\t\t\t\t\t\t\t<div class=\"elementor-field-type-text elementor-field-group elementor-column elementor-field-group-titulo6 elementor-col-100\">\n\t\t\t\t\t\t\t\t\t\t\t\t\t<input size=\"1\" type=\"text\" name=\"form_fields[titulo6]\" id=\"form-field-titulo6\" class=\"elementor-field elementor-size-sm  elementor-field-textual\" placeholder=\"T\u00edtulo 6\">\n\t\t\t\t\t\t\t\t\t\t\t<\/div>\n\t\t\t\t\t\t\t\t<div class=\"elementor-field-type-text elementor-field-group elementor-column elementor-field-group-titulo7 elementor-col-100\">\n\t\t\t\t\t\t\t\t\t\t\t\t\t<input size=\"1\" type=\"text\" name=\"form_fields[titulo7]\" id=\"form-field-titulo7\" class=\"elementor-field elementor-size-sm  elementor-field-textual\" placeholder=\"T\u00edtulo 7\">\n\t\t\t\t\t\t\t\t\t\t\t<\/div>\n\t\t\t\t\t\t\t\t<div class=\"elementor-field-type-html elementor-field-group elementor-column elementor-field-group-field_36a6d10 elementor-col-100\">\n\t\t\t\t\tEnvio do(s) resumo(s): Em <b>um \u00fanico ARQUIVO PDF<\/b>, envie o(s) resumo(s) dos trabalhos conforme orienta\u00e7\u00f5es a seguir.<br>\n<br>\nO trabalho deve ser inscrito na forma de resumo expandido, o qual pode se referir a um projeto\/ideia\/proposta que ainda n\u00e3o foi realizado, a um projeto em andamento ou um projeto j\u00e1 conclu\u00eddo (com ou sem objetivo atendido). O Resumo deve conter as se\u00e7\u00f5es de t\u00edtulo, autores, descri\u00e7\u00e3o, m\u00e9todos, resultados, conclus\u00f5es e palavras-chave:<br>\n<br>\n1) <b>T\u00edtulo:<\/b> o t\u00edtulo deve ser atrativo e autoexplicativo.<br>\n<br>\n2) <b>Autores e afilia\u00e7\u00f5es<\/b>: nomes dos alunos, da professora orientadora e da escola.<br>\n<br>\n3) <b>Descri\u00e7\u00e3o<\/b>: esclarecer se \u00e9 um projeto n\u00e3o iniciado, em andamento ou conclu\u00eddo; breve contextualiza\u00e7\u00e3o do tema, seguido da descri\u00e7\u00e3o do tema ou pergunta que o trabalho vai abordar, incluindo os objetivos.<br>\n<br>\n4) <b>M\u00e9todos<\/b>: a metodologia deve esclarecer como foi desenvolvido o objetivo do trabalho\/estudo, incluindo: o desenho do estudo; o campo do trabalho (local); a interven\u00e7\u00e3o a ser aplicada (ou os dados a serem observados) e os desfechos a serem analisados. Em caso de projetos que tenham ou ter\u00e3o continuidade ao longo do tempo, sem previs\u00e3o de t\u00e9rmino, \u00e9 desej\u00e1vel incluir uma descri\u00e7\u00e3o de como \u00e9 visto\/planejado a sua evolu\u00e7\u00e3o (aperfei\u00e7oamento, aumento de \u00e1rea ou de recursos, inclus\u00e3o de mais alunos e professoras, expans\u00e3o para a comunidade, etc.)<br>\n<br>\n5) <b>Resultados<\/b>: os resultados \u00e9 a se\u00e7\u00e3o principal. A an\u00e1lise do objetivo principal \u00e9 parte essencial dos resultados. Em caso de projeto em andamento ou ainda n\u00e3o realizado, construir o texto em torno de resultados esperados. \u00c9 permitido incluir tabelas, gr\u00e1ficos, figuras e fotos.<br>\n<br>\n6) <b>Conclus\u00f5es ou considera\u00e7\u00f5es finais<\/b>: as conclus\u00f5es devem ser concisas e impactantes. Devem responder os objetivos descritos anteriormente. Na conclus\u00e3o n\u00e3o h\u00e1 espa\u00e7o para discuss\u00e3o dos resultados. Em caso de trabalho n\u00e3o realizado ou n\u00e3o conclu\u00eddo, falar sobre a perspectiva de realiza\u00e7\u00e3o (quando vai acontecer, como vai resolver os desafios, como vai propor a realiza\u00e7\u00e3o, etc.).<br>\n<br>\n7) <b>Palavras-chave<\/b>: principais palavras utilizadas no trabalho que melhor remetem ao assunto abordado. No m\u00ednimo 3 palavras-chave, separadas por ponto e v\u00edrgula.<br>\n<br>\nCita\u00e7\u00f5es \u00e0s refer\u00eancias usadas cabem a qualquer momento.\t\t\t\t<\/div>\n\t\t\t\t\t\t\t\t<div class=\"elementor-field-type-upload elementor-field-group elementor-column elementor-field-group-arquivo elementor-col-100\">\n\t\t\t\t\t\t\t\t\t\t\t\t<label for=\"form-field-arquivo\" class=\"elementor-field-label\">\n\t\t\t\t\t\t\t\tEnvio do arquivo (tamanho limite 10 MB):\t\t\t\t\t\t\t<\/label>\n\t\t\t\t\t\t\t\t<input type=\"file\" name=\"form_fields[arquivo]\" id=\"form-field-arquivo\" class=\"elementor-field elementor-size-sm  elementor-upload-field\">\n\n\t\t\t\t\t\t<\/div>\n\t\t\t\t\t\t\t\t<div class=\"elementor-field-type-recaptcha_v3 elementor-field-group elementor-column elementor-field-group-field_2dce938 elementor-col-100 recaptcha_v3-inline\">\n\t\t\t\t\t<div class=\"elementor-field\" id=\"form-field-field_2dce938\"><div class=\"elementor-g-recaptcha\" data-sitekey=\"6LfmtBorAAAAAAYc_5ejBtEtt5D0u6Pb3rrpo2xY\" data-type=\"v3\" data-action=\"Form\" data-badge=\"inline\" data-size=\"invisible\"><\/div><\/div>\t\t\t\t<\/div>\n\t\t\t\t\t\t\t\t<div class=\"elementor-field-group elementor-column elementor-field-type-submit elementor-col-20 e-form__buttons\">\n\t\t\t\t\t<button class=\"elementor-button elementor-size-sm\" type=\"submit\">\n\t\t\t\t\t\t<span class=\"elementor-button-content-wrapper\">\n\t\t\t\t\t\t\t\t\t\t\t\t\t\t\t\t\t\t\t\t\t\t<span class=\"elementor-button-text\">Enviar<\/span>\n\t\t\t\t\t\t\t\t\t\t\t\t\t<\/span>\n\t\t\t\t\t<\/button>\n\t\t\t\t<\/div>\n\t\t\t<\/div>\n\t\t<\/form>\n\t\t\t\t\t\t<\/div>\n\t\t\t\t<\/div>\n\t\t\t\t<\/div>\n\t\t\t\t\t<\/div>\n\t\t\t\t<\/div>\n\t\t\t\t<\/div>\n\t\t","protected":false},"excerpt":{"rendered":"<p>Home Inscri\u00e7\u00f5es &#8211; I F\u00f3rum Ecocidadania<\/p>\n","protected":false},"author":9,"featured_media":0,"parent":10973,"menu_order":0,"comment_status":"closed","ping_status":"closed","template":"elementor_header_footer","meta":{"footnotes":""},"class_list":["post-10990","page","type-page","status-publish","hentry"],"_links":{"self":[{"href":"https:\/\/canela.rs.gov.br\/sitenovo\/wp-json\/wp\/v2\/pages\/10990","targetHints":{"allow":["GET"]}}],"collection":[{"href":"https:\/\/canela.rs.gov.br\/sitenovo\/wp-json\/wp\/v2\/pages"}],"about":[{"href":"https:\/\/canela.rs.gov.br\/sitenovo\/wp-json\/wp\/v2\/types\/page"}],"author":[{"embeddable":true,"href":"https:\/\/canela.rs.gov.br\/sitenovo\/wp-json\/wp\/v2\/users\/9"}],"replies":[{"embeddable":true,"href":"https:\/\/canela.rs.gov.br\/sitenovo\/wp-json\/wp\/v2\/comments?post=10990"}],"version-history":[{"count":28,"href":"https:\/\/canela.rs.gov.br\/sitenovo\/wp-json\/wp\/v2\/pages\/10990\/revisions"}],"predecessor-version":[{"id":11037,"href":"https:\/\/canela.rs.gov.br\/sitenovo\/wp-json\/wp\/v2\/pages\/10990\/revisions\/11037"}],"up":[{"embeddable":true,"href":"https:\/\/canela.rs.gov.br\/sitenovo\/wp-json\/wp\/v2\/pages\/10973"}],"wp:attachment":[{"href":"https:\/\/canela.rs.gov.br\/sitenovo\/wp-json\/wp\/v2\/media?parent=10990"}],"curies":[{"name":"wp","href":"https:\/\/api.w.org\/{rel}","templated":true}]}}