{"id":10973,"date":"2025-11-04T11:20:42","date_gmt":"2025-11-04T14:20:42","guid":{"rendered":"https:\/\/canela.rs.gov.br\/sitenovo\/?page_id=10973"},"modified":"2025-11-04T15:03:16","modified_gmt":"2025-11-04T18:03:16","slug":"i-forum-ecocidadania","status":"publish","type":"page","link":"https:\/\/canela.rs.gov.br\/sitenovo\/smeel\/i-forum-ecocidadania\/","title":{"rendered":"I F\u00f3rum Ecocidadania"},"content":{"rendered":"\t\t<div data-elementor-type=\"wp-page\" data-elementor-id=\"10973\" class=\"elementor elementor-10973\" data-elementor-post-type=\"page\">\n\t\t\t\t<div class=\"elementor-element elementor-element-3b9a52bd e-flex e-con-boxed e-con e-parent\" data-id=\"3b9a52bd\" data-element_type=\"container\" data-e-type=\"container\" data-settings=\"{&quot;background_background&quot;:&quot;classic&quot;,&quot;jet_parallax_layout_list&quot;:[]}\">\n\t\t\t\t\t<div class=\"e-con-inner\">\n\t\t\t\t<div class=\"elementor-element elementor-element-35b0084b elementor-widget elementor-widget-jet-breadcrumbs\" data-id=\"35b0084b\" data-element_type=\"widget\" data-e-type=\"widget\" data-widget_type=\"jet-breadcrumbs.default\">\n\t\t\t\t<div class=\"elementor-widget-container\">\n\t\t\t\t\t<div class=\"elementor-jet-breadcrumbs jet-blocks\">\n\t\t<div class=\"jet-breadcrumbs\">\n\t\t<div class=\"jet-breadcrumbs__content\">\n\t\t<div class=\"jet-breadcrumbs__wrap\"><div class=\"jet-breadcrumbs__item\"><a href=\"https:\/\/canela.rs.gov.br\/sitenovo\/\" class=\"jet-breadcrumbs__item-link is-home\" rel=\"home\" title=\"Home\">Home<\/a><\/div>\n\t\t<\/div>\n\t\t<\/div>\n\t\t<\/div><\/div>\t\t\t\t<\/div>\n\t\t\t\t<\/div>\n\t\t\t\t\t<\/div>\n\t\t\t\t<\/div>\n\t\t<div class=\"elementor-element elementor-element-47a3ed9 e-flex e-con-boxed e-con e-parent\" data-id=\"47a3ed9\" data-element_type=\"container\" data-e-type=\"container\" data-settings=\"{&quot;background_background&quot;:&quot;classic&quot;,&quot;jet_parallax_layout_list&quot;:[]}\">\n\t\t\t\t\t<div class=\"e-con-inner\">\n\t\t\t\t<div class=\"elementor-element elementor-element-75aaad4d elementor-view-framed elementor-position-inline-start elementor-shape-circle elementor-mobile-position-block-start elementor-widget elementor-widget-icon-box\" data-id=\"75aaad4d\" data-element_type=\"widget\" data-e-type=\"widget\" data-widget_type=\"icon-box.default\">\n\t\t\t\t<div class=\"elementor-widget-container\">\n\t\t\t\t\t\t\t<div class=\"elementor-icon-box-wrapper\">\n\n\t\t\t\t\t\t<div class=\"elementor-icon-box-icon\">\n\t\t\t\t<span  class=\"elementor-icon\">\n\t\t\t\t<svg aria-hidden=\"true\" class=\"e-font-icon-svg e-fas-users\" viewBox=\"0 0 640 512\" xmlns=\"http:\/\/www.w3.org\/2000\/svg\"><path d=\"M96 224c35.3 0 64-28.7 64-64s-28.7-64-64-64-64 28.7-64 64 28.7 64 64 64zm448 0c35.3 0 64-28.7 64-64s-28.7-64-64-64-64 28.7-64 64 28.7 64 64 64zm32 32h-64c-17.6 0-33.5 7.1-45.1 18.6 40.3 22.1 68.9 62 75.1 109.4h66c17.7 0 32-14.3 32-32v-32c0-35.3-28.7-64-64-64zm-256 0c61.9 0 112-50.1 112-112S381.9 32 320 32 208 82.1 208 144s50.1 112 112 112zm76.8 32h-8.3c-20.8 10-43.9 16-68.5 16s-47.6-6-68.5-16h-8.3C179.6 288 128 339.6 128 403.2V432c0 26.5 21.5 48 48 48h288c26.5 0 48-21.5 48-48v-28.8c0-63.6-51.6-115.2-115.2-115.2zm-223.7-13.4C161.5 263.1 145.6 256 128 256H64c-35.3 0-64 28.7-64 64v32c0 17.7 14.3 32 32 32h65.9c6.3-47.4 34.9-87.3 75.2-109.4z\"><\/path><\/svg>\t\t\t\t<\/span>\n\t\t\t<\/div>\n\t\t\t\n\t\t\t\t\t\t<div class=\"elementor-icon-box-content\">\n\n\t\t\t\t\t\t\t\t\t<h1 class=\"elementor-icon-box-title\">\n\t\t\t\t\t\t<span  >\n\t\t\t\t\t\t\tI F\u00f3rum Ecocidadania: desafios e pr\u00e1ticas\t\t\t\t\t\t<\/span>\n\t\t\t\t\t<\/h1>\n\t\t\t\t\n\t\t\t\t\n\t\t\t<\/div>\n\t\t\t\n\t\t<\/div>\n\t\t\t\t\t\t<\/div>\n\t\t\t\t<\/div>\n\t\t\t\t\t<\/div>\n\t\t\t\t<\/div>\n\t\t<div class=\"elementor-element elementor-element-e6429e4 e-flex e-con-boxed e-con e-parent\" data-id=\"e6429e4\" data-element_type=\"container\" data-e-type=\"container\" data-settings=\"{&quot;background_background&quot;:&quot;classic&quot;,&quot;jet_parallax_layout_list&quot;:[]}\">\n\t\t\t\t\t<div class=\"e-con-inner\">\n\t\t<div class=\"elementor-element elementor-element-72a8edc e-con-full e-flex e-con e-child\" data-id=\"72a8edc\" data-element_type=\"container\" data-e-type=\"container\" data-settings=\"{&quot;jet_parallax_layout_list&quot;:[]}\">\n\t\t\t\t<div class=\"elementor-element elementor-element-55bac72 elementor-widget elementor-widget-image\" data-id=\"55bac72\" data-element_type=\"widget\" data-e-type=\"widget\" data-widget_type=\"image.default\">\n\t\t\t\t<div class=\"elementor-widget-container\">\n\t\t\t\t\t\t\t\t\t\t\t\t\t\t\t<img decoding=\"async\" width=\"200\" height=\"207\" src=\"https:\/\/canela.rs.gov.br\/sitenovo\/wp-content\/uploads\/2025\/11\/logoforumecocidadania.png\" class=\"attachment-large size-large wp-image-11028\" alt=\"\" \/>\t\t\t\t\t\t\t\t\t\t\t\t\t\t\t<\/div>\n\t\t\t\t<\/div>\n\t\t\t\t<\/div>\n\t\t<div class=\"elementor-element elementor-element-f472c9b e-con-full e-flex e-con e-child\" data-id=\"f472c9b\" data-element_type=\"container\" data-e-type=\"container\" data-settings=\"{&quot;jet_parallax_layout_list&quot;:[]}\">\n\t\t\t\t<div class=\"elementor-element elementor-element-83a377d elementor-widget elementor-widget-image\" data-id=\"83a377d\" data-element_type=\"widget\" data-e-type=\"widget\" data-widget_type=\"image.default\">\n\t\t\t\t<div class=\"elementor-widget-container\">\n\t\t\t\t\t\t\t\t\t\t\t\t\t\t\t<img decoding=\"async\" src=\"https:\/\/canela.rs.gov.br\/sitenovo\/wp-content\/uploads\/elementor\/thumbs\/nunem-forum-re7ztl1ca7bjxk62vf5tjkyjwscy4rs69mo1gf8s8w.png\" title=\"nunem-forum\" alt=\"nunem-forum\" loading=\"lazy\" \/>\t\t\t\t\t\t\t\t\t\t\t\t\t\t\t<\/div>\n\t\t\t\t<\/div>\n\t\t\t\t<\/div>\n\t\t\t\t\t<\/div>\n\t\t\t\t<\/div>\n\t\t<div class=\"elementor-element elementor-element-11798cca e-flex e-con-boxed e-con e-parent\" data-id=\"11798cca\" data-element_type=\"container\" data-e-type=\"container\" data-settings=\"{&quot;jet_parallax_layout_list&quot;:[]}\">\n\t\t\t\t\t<div class=\"e-con-inner\">\n\t\t<div class=\"elementor-element elementor-element-3903cc14 e-con-full e-flex e-con e-child\" data-id=\"3903cc14\" data-element_type=\"container\" data-e-type=\"container\" data-settings=\"{&quot;jet_parallax_layout_list&quot;:[]}\">\n\t\t\t\t<div class=\"elementor-element elementor-element-26d3a087 elementor-widget elementor-widget-text-editor\" data-id=\"26d3a087\" data-element_type=\"widget\" data-e-type=\"widget\" data-widget_type=\"text-editor.default\">\n\t\t\t\t<div class=\"elementor-widget-container\">\n\t\t\t\t\t\t\t\t\t<p>Estamos vivendo uma crise clim\u00e1tica e ambiental que afeta toda a comunidade escolar. \u00c9 dentro deste contexto que vamos discutir os desafios e as pr\u00e1ticas envolvendo as escolas, seja para mitiga\u00e7\u00e3o, preven\u00e7\u00e3o ou adapta\u00e7\u00e3o.<\/p><p>Como enfrentar e conviver com as mudan\u00e7as clim\u00e1ticas? Como a escola e comunidade contribuem? Quais s\u00e3o os desafios? O que devemos fazer?<\/p><p>O \u201cI F\u00f3rum Ecocidadania: desafios e pr\u00e1ticas\u201d \u00e9 inspirado e motivado pela Confer\u00eancia Nacional Infantojuvenil pelo Meio Ambiente, com a finalidade de promover um processo pedag\u00f3gico e din\u00e2mico de di\u00e1logos e encontros desde as escolas, com escuta ativa \u00e0s crian\u00e7as e aos jovens, por meio do incentivo ao desenvolvimento de projetos e a\u00e7\u00f5es.<\/p><p>A refer\u00eancia de tema no enfrentamento das mudan\u00e7as clim\u00e1ticas se tornou um ponto de converg\u00eancia da educa\u00e7\u00e3o ambiental, pois, al\u00e9m de necess\u00e1rio e urgente, todas as pr\u00e1ticas voltadas \u00e0 conviv\u00eancia, adapta\u00e7\u00e3o e preserva\u00e7\u00e3o do meio ambiente e recursos naturais, de uma forma ou de outra, fazem parte das solu\u00e7\u00f5es poss\u00edveis.<\/p>\t\t\t\t\t\t\t\t<\/div>\n\t\t\t\t<\/div>\n\t\t\t\t<div class=\"elementor-element elementor-element-e91b0f0 elementor-widget elementor-widget-heading\" data-id=\"e91b0f0\" data-element_type=\"widget\" data-e-type=\"widget\" data-widget_type=\"heading.default\">\n\t\t\t\t<div class=\"elementor-widget-container\">\n\t\t\t\t\t<h3 class=\"elementor-heading-title elementor-size-default\">Orienta\u00e7\u00f5es:<\/h3>\t\t\t\t<\/div>\n\t\t\t\t<\/div>\n\t\t\t\t<div class=\"elementor-element elementor-element-5f41765 elementor-widget elementor-widget-text-editor\" data-id=\"5f41765\" data-element_type=\"widget\" data-e-type=\"widget\" data-widget_type=\"text-editor.default\">\n\t\t\t\t<div class=\"elementor-widget-container\">\n\t\t\t\t\t\t\t\t\t<p>Cada escola dever\u00e1 inscrever uma delega\u00e7\u00e3o com at\u00e9 7 alunos do 5\u00ba ao 9\u00ba ano do ensino fundamental e uma professora; Cada escola poder\u00e1 inscrever n\u00famero ilimitado de projetos, contudo, dever\u00e1 indicar a ordem de prioridade, pois, em raz\u00e3o do limite de tempo, nem todos poder\u00e3o ser apresentados. Aqueles que n\u00e3o forem apresentados, ser\u00e3o inclu\u00eddos no documento final do evento; Mediante justificativa, n\u00e3o ser\u00e1 obrigat\u00f3rio inscri\u00e7\u00e3o de projetos para participa\u00e7\u00e3o: a escola pode apenas inscrever a delega\u00e7\u00e3o de alunos para participa\u00e7\u00e3o no F\u00f3rum. O que n\u00e3o pode \u00e9 deixar de participar!<\/p><p>Todo trabalho cujo tema seja sobre educa\u00e7\u00e3o ambiental, ou de qualquer forma sobre meio ambiente, poder\u00e1 ser inscrito, desde que consiga demonstrar rela\u00e7\u00e3o com o assunto das mudan\u00e7as clim\u00e1ticas.<\/p><p>A delega\u00e7\u00e3o inscrita dever\u00e1 se responsabilizar por manter guardado o conte\u00fado produzido e\/ou complementar aos projetos, tais como o projeto completo, levantamento bibliogr\u00e1fico, diagn\u00f3stico, fotos, etc., pois poder\u00e1 ser solicitado posteriormente.<\/p>\t\t\t\t\t\t\t\t<\/div>\n\t\t\t\t<\/div>\n\t\t\t\t<div class=\"elementor-element elementor-element-8e69626 elementor-widget elementor-widget-heading\" data-id=\"8e69626\" data-element_type=\"widget\" data-e-type=\"widget\" data-widget_type=\"heading.default\">\n\t\t\t\t<div class=\"elementor-widget-container\">\n\t\t\t\t\t<h3 class=\"elementor-heading-title elementor-size-default\">Instru\u00e7\u00f5es para o resumo:<\/h3>\t\t\t\t<\/div>\n\t\t\t\t<\/div>\n\t\t\t\t<div class=\"elementor-element elementor-element-1b118a8 elementor-widget elementor-widget-text-editor\" data-id=\"1b118a8\" data-element_type=\"widget\" data-e-type=\"widget\" data-widget_type=\"text-editor.default\">\n\t\t\t\t<div class=\"elementor-widget-container\">\n\t\t\t\t\t\t\t\t\t<p>O trabalho deve ser inscrito na forma de resumo expandido, o qual pode se referir a um projeto\/ideia\/proposta que ainda n\u00e3o foi realizado, a um projeto em andamento ou um projeto j\u00e1 conclu\u00eddo (com ou sem objetivo atendido).<\/p><p>O Resumo deve conter as se\u00e7\u00f5es de t\u00edtulo, autores, descri\u00e7\u00e3o, m\u00e9todos, resultados, conclus\u00f5es e palavras-chave, cada uma com seu respectivo conte\u00fado, conforme descrito a seguir.<\/p><p><strong>1) T\u00edtulo<\/strong>: o t\u00edtulo deve ser atrativo e autoexplicativo.<\/p><p><strong>2) Autores e afilia\u00e7\u00f5es<\/strong>: nomes dos alunos, da professora orientadora e da escola.<\/p><p><strong>3) Descri\u00e7\u00e3o<\/strong>: esclarecer se \u00e9 um projeto n\u00e3o iniciado, em andamento ou conclu\u00eddo; breve contextualiza\u00e7\u00e3o do tema, seguido da descri\u00e7\u00e3o do tema ou pergunta que o trabalho vai abordar, incluindo os objetivos.<\/p><p><strong>4) M\u00e9todos<\/strong>: a metodologia deve esclarecer como foi desenvolvido o objetivo do trabalho\/estudo, incluindo: o desenho do estudo; o campo do trabalho (local); a interven\u00e7\u00e3o a ser aplicada (ou os dados a serem observados) e os desfechos a serem analisados. Em caso de projetos que tenham ou ter\u00e3o continuidade ao longo do tempo, sem previs\u00e3o de t\u00e9rmino, \u00e9 desej\u00e1vel incluir uma descri\u00e7\u00e3o de como \u00e9 visto\/planejado a sua evolu\u00e7\u00e3o (aperfei\u00e7oamento, aumento de \u00e1rea ou de recursos, inclus\u00e3o de mais alunos e professoras, expans\u00e3o para a comunidade, etc.)<\/p><p><strong>5) Resultados<\/strong>: os resultados \u00e9 a se\u00e7\u00e3o principal. A an\u00e1lise do objetivo principal \u00e9 parte essencial dos resultados. Em caso de projeto em andamento ou ainda n\u00e3o realizado, construir o texto em torno de resultados esperados. \u00c9 permitido incluir tabelas, gr\u00e1ficos, figuras e fotos.<\/p><p><strong>6) Conclus\u00f5es ou considera\u00e7\u00f5es finais<\/strong>: as conclus\u00f5es devem ser concisas e impactantes. Devem responder os objetivos descritos anteriormente. Na conclus\u00e3o n\u00e3o h\u00e1 espa\u00e7o para discuss\u00e3o dos resultados. Em caso de trabalho n\u00e3o realizado ou n\u00e3o conclu\u00eddo, falar sobre a perspectiva de realiza\u00e7\u00e3o (quando vai acontecer, como vai resolver os desafios, como vai propor a realiza\u00e7\u00e3o, etc.).<\/p><p><strong>7) Palavras-chave<\/strong>: principais palavras utilizadas no trabalho que melhor remetem ao assunto abordado. No m\u00ednimo 3 palavras-chave, separadas por ponto e v\u00edrgula.<\/p><p>Cita\u00e7\u00f5es \u00e0s refer\u00eancias usadas cabem a qualquer momento.<\/p><p>Acesse o link para a ficha de inscri\u00e7\u00e3o, preencha as informa\u00e7\u00f5es e envie o arquivo do(s) projetos(s).<\/p>\t\t\t\t\t\t\t\t<\/div>\n\t\t\t\t<\/div>\n\t\t\t\t<div class=\"elementor-element elementor-element-a2399f1 elementor-align-center elementor-widget elementor-widget-button\" data-id=\"a2399f1\" data-element_type=\"widget\" data-e-type=\"widget\" data-widget_type=\"button.default\">\n\t\t\t\t<div class=\"elementor-widget-container\">\n\t\t\t\t\t\t\t\t\t<div class=\"elementor-button-wrapper\">\n\t\t\t\t\t<a class=\"elementor-button elementor-button-link elementor-size-sm\" href=\"https:\/\/canela.rs.gov.br\/sitenovo\/smeel\/i-forum-ecocidadania\/inscricao-i-forum-ecocidadania\/\">\n\t\t\t\t\t\t<span class=\"elementor-button-content-wrapper\">\n\t\t\t\t\t\t<span class=\"elementor-button-icon\">\n\t\t\t\t<svg aria-hidden=\"true\" class=\"e-font-icon-svg e-fas-pencil-alt\" viewBox=\"0 0 512 512\" xmlns=\"http:\/\/www.w3.org\/2000\/svg\"><path d=\"M497.9 142.1l-46.1 46.1c-4.7 4.7-12.3 4.7-17 0l-111-111c-4.7-4.7-4.7-12.3 0-17l46.1-46.1c18.7-18.7 49.1-18.7 67.9 0l60.1 60.1c18.8 18.7 18.8 49.1 0 67.9zM284.2 99.8L21.6 362.4.4 483.9c-2.9 16.4 11.4 30.6 27.8 27.8l121.5-21.3 262.6-262.6c4.7-4.7 4.7-12.3 0-17l-111-111c-4.8-4.7-12.4-4.7-17.1 0zM124.1 339.9c-5.5-5.5-5.5-14.3 0-19.8l154-154c5.5-5.5 14.3-5.5 19.8 0s5.5 14.3 0 19.8l-154 154c-5.5 5.5-14.3 5.5-19.8 0zM88 424h48v36.3l-64.5 11.3-31.1-31.1L51.7 376H88v48z\"><\/path><\/svg>\t\t\t<\/span>\n\t\t\t\t\t\t\t\t\t<span class=\"elementor-button-text\">Formul\u00e1rio de Inscri\u00e7\u00e3o<\/span>\n\t\t\t\t\t<\/span>\n\t\t\t\t\t<\/a>\n\t\t\t\t<\/div>\n\t\t\t\t\t\t\t\t<\/div>\n\t\t\t\t<\/div>\n\t\t\t\t<\/div>\n\t\t<div class=\"elementor-element elementor-element-502e7a97 e-con-full e-flex e-con e-child\" data-id=\"502e7a97\" data-element_type=\"container\" data-e-type=\"container\" data-settings=\"{&quot;jet_parallax_layout_list&quot;:[]}\">\n\t\t\t\t<div class=\"elementor-element elementor-element-387d465a elementor-widget elementor-widget-heading\" data-id=\"387d465a\" data-element_type=\"widget\" data-e-type=\"widget\" data-widget_type=\"heading.default\">\n\t\t\t\t<div class=\"elementor-widget-container\">\n\t\t\t\t\t<h2 class=\"elementor-heading-title elementor-size-default\">Informa\u00e7\u00f5es:<\/h2>\t\t\t\t<\/div>\n\t\t\t\t<\/div>\n\t\t\t\t<div class=\"elementor-element elementor-element-5db3c763 elementor-position-inline-start elementor-view-default elementor-mobile-position-block-start elementor-widget elementor-widget-icon-box\" data-id=\"5db3c763\" data-element_type=\"widget\" data-e-type=\"widget\" data-widget_type=\"icon-box.default\">\n\t\t\t\t<div class=\"elementor-widget-container\">\n\t\t\t\t\t\t\t<div class=\"elementor-icon-box-wrapper\">\n\n\t\t\t\t\t\t<div class=\"elementor-icon-box-icon\">\n\t\t\t\t<span  class=\"elementor-icon\">\n\t\t\t\t<svg aria-hidden=\"true\" class=\"e-font-icon-svg e-far-calendar-check\" viewBox=\"0 0 448 512\" xmlns=\"http:\/\/www.w3.org\/2000\/svg\"><path d=\"M400 64h-48V12c0-6.627-5.373-12-12-12h-40c-6.627 0-12 5.373-12 12v52H160V12c0-6.627-5.373-12-12-12h-40c-6.627 0-12 5.373-12 12v52H48C21.49 64 0 85.49 0 112v352c0 26.51 21.49 48 48 48h352c26.51 0 48-21.49 48-48V112c0-26.51-21.49-48-48-48zm-6 400H54a6 6 0 0 1-6-6V160h352v298a6 6 0 0 1-6 6zm-52.849-200.65L198.842 404.519c-4.705 4.667-12.303 4.637-16.971-.068l-75.091-75.699c-4.667-4.705-4.637-12.303.068-16.971l22.719-22.536c4.705-4.667 12.303-4.637 16.97.069l44.104 44.461 111.072-110.181c4.705-4.667 12.303-4.637 16.971.068l22.536 22.718c4.667 4.705 4.636 12.303-.069 16.97z\"><\/path><\/svg>\t\t\t\t<\/span>\n\t\t\t<\/div>\n\t\t\t\n\t\t\t\t\t\t<div class=\"elementor-icon-box-content\">\n\n\t\t\t\t\t\t\t\t\t<h3 class=\"elementor-icon-box-title\">\n\t\t\t\t\t\t<span  >\n\t\t\t\t\t\t\t25 de novembro de 2025\t\t\t\t\t\t<\/span>\n\t\t\t\t\t<\/h3>\n\t\t\t\t\n\t\t\t\t\n\t\t\t<\/div>\n\t\t\t\n\t\t<\/div>\n\t\t\t\t\t\t<\/div>\n\t\t\t\t<\/div>\n\t\t\t\t<div class=\"elementor-element elementor-element-1cebe549 elementor-position-inline-start elementor-view-default elementor-mobile-position-block-start elementor-widget elementor-widget-icon-box\" data-id=\"1cebe549\" data-element_type=\"widget\" data-e-type=\"widget\" data-widget_type=\"icon-box.default\">\n\t\t\t\t<div class=\"elementor-widget-container\">\n\t\t\t\t\t\t\t<div class=\"elementor-icon-box-wrapper\">\n\n\t\t\t\t\t\t<div class=\"elementor-icon-box-icon\">\n\t\t\t\t<span  class=\"elementor-icon\">\n\t\t\t\t<svg aria-hidden=\"true\" class=\"e-font-icon-svg e-far-clock\" viewBox=\"0 0 512 512\" xmlns=\"http:\/\/www.w3.org\/2000\/svg\"><path d=\"M256 8C119 8 8 119 8 256s111 248 248 248 248-111 248-248S393 8 256 8zm0 448c-110.5 0-200-89.5-200-200S145.5 56 256 56s200 89.5 200 200-89.5 200-200 200zm61.8-104.4l-84.9-61.7c-3.1-2.3-4.9-5.9-4.9-9.7V116c0-6.6 5.4-12 12-12h32c6.6 0 12 5.4 12 12v141.7l66.8 48.6c5.4 3.9 6.5 11.4 2.6 16.8L334.6 349c-3.9 5.3-11.4 6.5-16.8 2.6z\"><\/path><\/svg>\t\t\t\t<\/span>\n\t\t\t<\/div>\n\t\t\t\n\t\t\t\t\t\t<div class=\"elementor-icon-box-content\">\n\n\t\t\t\t\t\t\t\t\t<h3 class=\"elementor-icon-box-title\">\n\t\t\t\t\t\t<span  >\n\t\t\t\t\t\t\t8h \u00e0s 15h30min\t\t\t\t\t\t<\/span>\n\t\t\t\t\t<\/h3>\n\t\t\t\t\n\t\t\t\t\n\t\t\t<\/div>\n\t\t\t\n\t\t<\/div>\n\t\t\t\t\t\t<\/div>\n\t\t\t\t<\/div>\n\t\t\t\t<div class=\"elementor-element elementor-element-5e3565b elementor-position-inline-start elementor-view-default elementor-mobile-position-block-start elementor-widget elementor-widget-icon-box\" data-id=\"5e3565b\" data-element_type=\"widget\" data-e-type=\"widget\" data-widget_type=\"icon-box.default\">\n\t\t\t\t<div class=\"elementor-widget-container\">\n\t\t\t\t\t\t\t<div class=\"elementor-icon-box-wrapper\">\n\n\t\t\t\t\t\t<div class=\"elementor-icon-box-icon\">\n\t\t\t\t<span  class=\"elementor-icon\">\n\t\t\t\t<svg aria-hidden=\"true\" class=\"e-font-icon-svg e-fas-map-marker-alt\" viewBox=\"0 0 384 512\" xmlns=\"http:\/\/www.w3.org\/2000\/svg\"><path d=\"M172.268 501.67C26.97 291.031 0 269.413 0 192 0 85.961 85.961 0 192 0s192 85.961 192 192c0 77.413-26.97 99.031-172.268 309.67-9.535 13.774-29.93 13.773-39.464 0zM192 272c44.183 0 80-35.817 80-80s-35.817-80-80-80-80 35.817-80 80 35.817 80 80 80z\"><\/path><\/svg>\t\t\t\t<\/span>\n\t\t\t<\/div>\n\t\t\t\n\t\t\t\t\t\t<div class=\"elementor-icon-box-content\">\n\n\t\t\t\t\t\t\t\t\t<h3 class=\"elementor-icon-box-title\">\n\t\t\t\t\t\t<span  >\n\t\t\t\t\t\t\tSede dos Servidores Municipal de Canela\t\t\t\t\t\t<\/span>\n\t\t\t\t\t<\/h3>\n\t\t\t\t\n\t\t\t\t\t\t\t\t\t<p class=\"elementor-icon-box-description\">\n\t\t\t\t\t\tAv. Assis Brasil, 858, Canela \u2013 RS\t\t\t\t\t<\/p>\n\t\t\t\t\n\t\t\t<\/div>\n\t\t\t\n\t\t<\/div>\n\t\t\t\t\t\t<\/div>\n\t\t\t\t<\/div>\n\t\t\t\t<div class=\"elementor-element elementor-element-7cc43554 elementor-position-inline-start elementor-view-default elementor-mobile-position-block-start elementor-widget elementor-widget-icon-box\" data-id=\"7cc43554\" data-element_type=\"widget\" data-e-type=\"widget\" data-widget_type=\"icon-box.default\">\n\t\t\t\t<div class=\"elementor-widget-container\">\n\t\t\t\t\t\t\t<div class=\"elementor-icon-box-wrapper\">\n\n\t\t\t\t\t\t<div class=\"elementor-icon-box-icon\">\n\t\t\t\t<span  class=\"elementor-icon\">\n\t\t\t\t<svg aria-hidden=\"true\" class=\"e-font-icon-svg e-fab-wpforms\" viewBox=\"0 0 448 512\" xmlns=\"http:\/\/www.w3.org\/2000\/svg\"><path d=\"M448 75.2v361.7c0 24.3-19 43.2-43.2 43.2H43.2C19.3 480 0 461.4 0 436.8V75.2C0 51.1 18.8 32 43.2 32h361.7c24 0 43.1 18.8 43.1 43.2zm-37.3 361.6V75.2c0-3-2.6-5.8-5.8-5.8h-9.3L285.3 144 224 94.1 162.8 144 52.5 69.3h-9.3c-3.2 0-5.8 2.8-5.8 5.8v361.7c0 3 2.6 5.8 5.8 5.8h361.7c3.2.1 5.8-2.7 5.8-5.8zM150.2 186v37H76.7v-37h73.5zm0 74.4v37.3H76.7v-37.3h73.5zm11.1-147.3l54-43.7H96.8l64.5 43.7zm210 72.9v37h-196v-37h196zm0 74.4v37.3h-196v-37.3h196zm-84.6-147.3l64.5-43.7H232.8l53.9 43.7zM371.3 335v37.3h-99.4V335h99.4z\"><\/path><\/svg>\t\t\t\t<\/span>\n\t\t\t<\/div>\n\t\t\t\n\t\t\t\t\t\t<div class=\"elementor-icon-box-content\">\n\n\t\t\t\t\t\t\t\t\t<h3 class=\"elementor-icon-box-title\">\n\t\t\t\t\t\t<span  >\n\t\t\t\t\t\t\tInscri\u00e7\u00f5es at\u00e9 dia 14\/11\t\t\t\t\t\t<\/span>\n\t\t\t\t\t<\/h3>\n\t\t\t\t\n\t\t\t\t\t\t\t\t\t<p class=\"elementor-icon-box-description\">\n\t\t\t\t\t\t<b>VAGAS LIMITADAS<\/b>\t\t\t\t\t<\/p>\n\t\t\t\t\n\t\t\t<\/div>\n\t\t\t\n\t\t<\/div>\n\t\t\t\t\t\t<\/div>\n\t\t\t\t<\/div>\n\t\t\t\t<div class=\"elementor-element elementor-element-23a3c9f elementor-align-center elementor-widget elementor-widget-button\" data-id=\"23a3c9f\" data-element_type=\"widget\" data-e-type=\"widget\" data-widget_type=\"button.default\">\n\t\t\t\t<div class=\"elementor-widget-container\">\n\t\t\t\t\t\t\t\t\t<div class=\"elementor-button-wrapper\">\n\t\t\t\t\t<a class=\"elementor-button elementor-button-link elementor-size-sm\" href=\"https:\/\/canela.rs.gov.br\/sitenovo\/smeel\/i-forum-ecocidadania\/inscricao-i-forum-ecocidadania\/\">\n\t\t\t\t\t\t<span class=\"elementor-button-content-wrapper\">\n\t\t\t\t\t\t<span class=\"elementor-button-icon\">\n\t\t\t\t<svg aria-hidden=\"true\" class=\"e-font-icon-svg e-fas-pencil-alt\" viewBox=\"0 0 512 512\" xmlns=\"http:\/\/www.w3.org\/2000\/svg\"><path d=\"M497.9 142.1l-46.1 46.1c-4.7 4.7-12.3 4.7-17 0l-111-111c-4.7-4.7-4.7-12.3 0-17l46.1-46.1c18.7-18.7 49.1-18.7 67.9 0l60.1 60.1c18.8 18.7 18.8 49.1 0 67.9zM284.2 99.8L21.6 362.4.4 483.9c-2.9 16.4 11.4 30.6 27.8 27.8l121.5-21.3 262.6-262.6c4.7-4.7 4.7-12.3 0-17l-111-111c-4.8-4.7-12.4-4.7-17.1 0zM124.1 339.9c-5.5-5.5-5.5-14.3 0-19.8l154-154c5.5-5.5 14.3-5.5 19.8 0s5.5 14.3 0 19.8l-154 154c-5.5 5.5-14.3 5.5-19.8 0zM88 424h48v36.3l-64.5 11.3-31.1-31.1L51.7 376H88v48z\"><\/path><\/svg>\t\t\t<\/span>\n\t\t\t\t\t\t\t\t\t<span class=\"elementor-button-text\">Formul\u00e1rio de Inscri\u00e7\u00e3o<\/span>\n\t\t\t\t\t<\/span>\n\t\t\t\t\t<\/a>\n\t\t\t\t<\/div>\n\t\t\t\t\t\t\t\t<\/div>\n\t\t\t\t<\/div>\n\t\t\t\t<\/div>\n\t\t\t\t\t<\/div>\n\t\t\t\t<\/div>\n\t\t\t\t<\/div>\n\t\t","protected":false},"excerpt":{"rendered":"<p>Home I F\u00f3rum Ecocidadania: desafios e pr\u00e1ticas Estamos vivendo uma crise clim\u00e1tica e ambiental que afeta toda a comunidade escolar. \u00c9 dentro deste contexto que vamos discutir os desafios e as pr\u00e1ticas envolvendo as escolas, seja para mitiga\u00e7\u00e3o, preven\u00e7\u00e3o ou adapta\u00e7\u00e3o. Como enfrentar e conviver com as mudan\u00e7as clim\u00e1ticas? Como a escola e comunidade contribuem? [&hellip;]<\/p>\n","protected":false},"author":9,"featured_media":0,"parent":290,"menu_order":0,"comment_status":"closed","ping_status":"closed","template":"elementor_header_footer","meta":{"footnotes":""},"class_list":["post-10973","page","type-page","status-publish","hentry"],"_links":{"self":[{"href":"https:\/\/canela.rs.gov.br\/sitenovo\/wp-json\/wp\/v2\/pages\/10973","targetHints":{"allow":["GET"]}}],"collection":[{"href":"https:\/\/canela.rs.gov.br\/sitenovo\/wp-json\/wp\/v2\/pages"}],"about":[{"href":"https:\/\/canela.rs.gov.br\/sitenovo\/wp-json\/wp\/v2\/types\/page"}],"author":[{"embeddable":true,"href":"https:\/\/canela.rs.gov.br\/sitenovo\/wp-json\/wp\/v2\/users\/9"}],"replies":[{"embeddable":true,"href":"https:\/\/canela.rs.gov.br\/sitenovo\/wp-json\/wp\/v2\/comments?post=10973"}],"version-history":[{"count":25,"href":"https:\/\/canela.rs.gov.br\/sitenovo\/wp-json\/wp\/v2\/pages\/10973\/revisions"}],"predecessor-version":[{"id":11033,"href":"https:\/\/canela.rs.gov.br\/sitenovo\/wp-json\/wp\/v2\/pages\/10973\/revisions\/11033"}],"up":[{"embeddable":true,"href":"https:\/\/canela.rs.gov.br\/sitenovo\/wp-json\/wp\/v2\/pages\/290"}],"wp:attachment":[{"href":"https:\/\/canela.rs.gov.br\/sitenovo\/wp-json\/wp\/v2\/media?parent=10973"}],"curies":[{"name":"wp","href":"https:\/\/api.w.org\/{rel}","templated":true}]}}